{"id":1286,"date":"2024-06-03T12:16:44","date_gmt":"2024-06-03T12:16:44","guid":{"rendered":"https:\/\/eltamobilya.com\/?page_id=1286"},"modified":"2024-06-03T13:06:55","modified_gmt":"2024-06-03T13:06:55","slug":"pasifik-baza-piramit-baslik-2","status":"publish","type":"page","link":"https:\/\/eltamobilya.com\/index.php\/pasifik-baza-piramit-baslik-2","title":{"rendered":"PASI\u0307FI\u0307K BAZA PI\u0307RAMI\u0307T BASLIK"},"content":{"rendered":"\n<div class=\"row row-small row-full-width\"  id=\"row-829922216\">\n\n\n\t<div id=\"col-1560542640\" class=\"col medium-2 small-6 large-2\"  >\n\t\t\t\t<div class=\"col-inner\"  >\n\t\t\t\n\t\t\t\n\n\t<div class=\"img has-hover x md-x lg-x y md-y lg-y\" id=\"image_102533451\">\n\t\t<a class=\"\" href=\"https:\/\/eltamobilya.com\/index.php\/cift-kisilik-bazalar\"  >\t\t\t\t\t\t<div class=\"img-inner image-zoom box-shadow-3 dark\" >\n\t\t\t<img loading=\"lazy\" decoding=\"async\" width=\"240\" height=\"90\" src=\"https:\/\/eltamobilya.com\/wp-content\/uploads\/2021\/10\/i1.jpg\" class=\"attachment-large size-large\" alt=\"\" \/>\t\t\t\t\t\t\n\t\t\t\t\t<\/div>\n\t\t\t\t\t\t<\/a>\t\t\n<style>\n#image_102533451 {\n  width: 100%;\n}\n<\/style>\n\t<\/div>\n\t\n\n\n\t\t<\/div>\n\t\t\t\t\t<\/div>\n\n\t\n\n\t<div id=\"col-990163492\" class=\"col medium-2 small-6 large-2\"  >\n\t\t\t\t<div class=\"col-inner\"  >\n\t\t\t\n\t\t\t\n\n\t<div class=\"img has-hover x md-x lg-x y md-y lg-y\" id=\"image_205811876\">\n\t\t<a class=\"\" href=\"https:\/\/eltamobilya.com\/index.php\/tek-kisilik-bazalar\"  >\t\t\t\t\t\t<div class=\"img-inner image-zoom box-shadow-3 dark\" >\n\t\t\t<img loading=\"lazy\" decoding=\"async\" width=\"240\" height=\"90\" src=\"https:\/\/eltamobilya.com\/wp-content\/uploads\/2021\/10\/i2.jpg\" class=\"attachment-large size-large\" alt=\"\" \/>\t\t\t\t\t\t\n\t\t\t\t\t<\/div>\n\t\t\t\t\t\t<\/a>\t\t\n<style>\n#image_205811876 {\n  width: 100%;\n}\n<\/style>\n\t<\/div>\n\t\n\n\n\t\t<\/div>\n\t\t\t\t\t<\/div>\n\n\t\n\n\t<div id=\"col-1676742427\" class=\"col medium-2 small-6 large-2\"  >\n\t\t\t\t<div class=\"col-inner\"  >\n\t\t\t\n\t\t\t\n\n\t<div class=\"img has-hover x md-x lg-x y md-y lg-y\" id=\"image_1923310106\">\n\t\t<a class=\"\" href=\"https:\/\/eltamobilya.com\/index.php\/yataklar\"  >\t\t\t\t\t\t<div class=\"img-inner image-zoom box-shadow-3 dark\" >\n\t\t\t<img loading=\"lazy\" decoding=\"async\" width=\"240\" height=\"90\" src=\"https:\/\/eltamobilya.com\/wp-content\/uploads\/2021\/10\/i3.jpg\" class=\"attachment-large size-large\" alt=\"\" \/>\t\t\t\t\t\t\n\t\t\t\t\t<\/div>\n\t\t\t\t\t\t<\/a>\t\t\n<style>\n#image_1923310106 {\n  width: 100%;\n}\n<\/style>\n\t<\/div>\n\t\n\n\n\t\t<\/div>\n\t\t\t\t\t<\/div>\n\n\t\n\n\t<div id=\"col-1438305805\" class=\"col medium-2 small-6 large-2\"  >\n\t\t\t\t<div class=\"col-inner\"  >\n\t\t\t\n\t\t\t\n\n\t<div class=\"img has-hover x md-x lg-x y md-y lg-y\" id=\"image_1790803231\">\n\t\t<a class=\"\" href=\"https:\/\/eltamobilya.com\/index.php\/karyolalar-lata\"  >\t\t\t\t\t\t<div class=\"img-inner image-zoom box-shadow-3 dark\" >\n\t\t\t<img loading=\"lazy\" decoding=\"async\" width=\"240\" height=\"90\" src=\"https:\/\/eltamobilya.com\/wp-content\/uploads\/2021\/10\/K.png\" class=\"attachment-large size-large\" alt=\"\" \/>\t\t\t\t\t\t\n\t\t\t\t\t<\/div>\n\t\t\t\t\t\t<\/a>\t\t\n<style>\n#image_1790803231 {\n  width: 100%;\n}\n<\/style>\n\t<\/div>\n\t\n\n\n\t\t<\/div>\n\t\t\t\t\t<\/div>\n\n\t\n\n\t<div id=\"col-2014214237\" class=\"col medium-2 small-6 large-2\"  >\n\t\t\t\t<div class=\"col-inner\"  >\n\t\t\t\n\t\t\t\n\n\t<div class=\"img has-hover x md-x lg-x y md-y lg-y\" id=\"image_552856106\">\n\t\t<a class=\"\" href=\"https:\/\/eltamobilya.com\/index.php\/puflar\"  >\t\t\t\t\t\t<div class=\"img-inner image-zoom box-shadow-3 dark\" >\n\t\t\t<img loading=\"lazy\" decoding=\"async\" width=\"240\" height=\"90\" src=\"https:\/\/eltamobilya.com\/wp-content\/uploads\/2021\/10\/i5.jpg\" class=\"attachment-large size-large\" alt=\"\" \/>\t\t\t\t\t\t\n\t\t\t\t\t<\/div>\n\t\t\t\t\t\t<\/a>\t\t\n<style>\n#image_552856106 {\n  width: 100%;\n}\n<\/style>\n\t<\/div>\n\t\n\n\n\t\t<\/div>\n\t\t\t\t\t<\/div>\n\n\t\n\n\t<div id=\"col-1757146681\" class=\"col medium-2 small-6 large-2\"  >\n\t\t\t\t<div class=\"col-inner\"  >\n\t\t\t\n\t\t\t\n\n\t<div class=\"img has-hover x md-x lg-x y md-y lg-y\" id=\"image_710817150\">\n\t\t<a class=\"\" href=\"https:\/\/eltamobilya.com\/index.php\/ayak-modelleri\"  >\t\t\t\t\t\t<div class=\"img-inner image-zoom box-shadow-3 dark\" >\n\t\t\t<img loading=\"lazy\" decoding=\"async\" width=\"240\" height=\"90\" src=\"https:\/\/eltamobilya.com\/wp-content\/uploads\/2021\/10\/ayak-modelleri-1.png\" class=\"attachment-large size-large\" alt=\"\" \/>\t\t\t\t\t\t\n\t\t\t\t\t<\/div>\n\t\t\t\t\t\t<\/a>\t\t\n<style>\n#image_710817150 {\n  width: 100%;\n}\n<\/style>\n\t<\/div>\n\t\n\n\n\t\t<\/div>\n\t\t\t\t\t<\/div>\n\n\t\n\n\n<style>\n#row-829922216 > .col > .col-inner {\n  padding: 15px 0px 0px 0px;\n}\n<\/style>\n<\/div>\n<div class=\"container section-title-container\" style=\"margin-top:15px;margin-bottom:20px;max-width:1580px;\"><h4 class=\"section-title section-title-center\"><b><\/b><span class=\"section-title-main\" >\u00c7\u0130FT K\u0130\u015e\u0130L\u0130K BAZALAR<\/span><b><\/b><\/h4><\/div>\n\n<div class=\"row row-full-width\"  id=\"row-306727432\">\n\n\n\t<div id=\"col-264817652\" class=\"col medium-6 small-6 large-6\"  >\n\t\t\t\t<div class=\"col-inner text-center box-shadow-4 dark\"  >\n\t\t\t\n\t\t\t\n\n\t<div class=\"img has-hover x md-x lg-x y md-y lg-y\" id=\"image_1360692419\">\n\t\t\t\t\t\t\t\t<div class=\"img-inner dark\" >\n\t\t\t<img loading=\"lazy\" decoding=\"async\" width=\"1020\" height=\"638\" src=\"https:\/\/eltamobilya.com\/wp-content\/uploads\/2024\/06\/pasifik-baza-piramit-baslik-1600x1000.png\" class=\"attachment-large size-large\" alt=\"\" srcset=\"https:\/\/eltamobilya.com\/wp-content\/uploads\/2024\/06\/pasifik-baza-piramit-baslik-1600x1000.png 1600w, https:\/\/eltamobilya.com\/wp-content\/uploads\/2024\/06\/pasifik-baza-piramit-baslik-640x400.png 640w, https:\/\/eltamobilya.com\/wp-content\/uploads\/2024\/06\/pasifik-baza-piramit-baslik-768x480.png 768w, https:\/\/eltamobilya.com\/wp-content\/uploads\/2024\/06\/pasifik-baza-piramit-baslik-1536x960.png 1536w, https:\/\/eltamobilya.com\/wp-content\/uploads\/2024\/06\/pasifik-baza-piramit-baslik.png 1890w\" sizes=\"auto, (max-width: 1020px) 100vw, 1020px\" \/>\t\t\t\t\t\t\n\t\t\t\t\t<\/div>\n\t\t\t\t\t\t\t\t\n<style>\n#image_1360692419 {\n  width: 100%;\n}\n<\/style>\n\t<\/div>\n\t\n\n\n\t\t<\/div>\n\t\t\t\t\t<\/div>\n\n\t\n\n\t<div id=\"col-1877487334\" class=\"col medium-6 small-12 large-6\"  >\n\t\t\t\t<div class=\"col-inner text-center\"  >\n\t\t\t\n\t\t\t\n\n<div class=\"row row-small row-full-width align-center\"  id=\"row-1183335920\">\n\n\n\t<div id=\"col-173731340\" class=\"col medium-4 small-12 large-4\"  >\n\t\t\t\t<div class=\"col-inner box-shadow-3\"  >\n\t\t\t\n\t\t\t\n\n\t<div class=\"img has-hover x md-x lg-x y md-y lg-y\" id=\"image_1660201639\">\n\t\t<a class=\"image-lightbox lightbox-gallery\" title=\"\" href=\"https:\/\/eltamobilya.com\/wp-content\/uploads\/2024\/06\/pasifik-baza-piramit-baslik-1.png\">\t\t\t\t\t\t<div class=\"img-inner dark\" >\n\t\t\t<img loading=\"lazy\" decoding=\"async\" width=\"1020\" height=\"680\" src=\"https:\/\/eltamobilya.com\/wp-content\/uploads\/2024\/06\/pasifik-baza-piramit-baslik-1.png\" class=\"attachment-large size-large\" alt=\"\" srcset=\"https:\/\/eltamobilya.com\/wp-content\/uploads\/2024\/06\/pasifik-baza-piramit-baslik-1.png 1200w, https:\/\/eltamobilya.com\/wp-content\/uploads\/2024\/06\/pasifik-baza-piramit-baslik-1-600x400.png 600w, https:\/\/eltamobilya.com\/wp-content\/uploads\/2024\/06\/pasifik-baza-piramit-baslik-1-768x512.png 768w\" sizes=\"auto, (max-width: 1020px) 100vw, 1020px\" \/>\t\t\t\t\t\t\n\t\t\t\t\t<\/div>\n\t\t\t\t\t\t<\/a>\t\t\n<style>\n#image_1660201639 {\n  width: 100%;\n}\n<\/style>\n\t<\/div>\n\t\n\n\n\t\t<\/div>\n\t\t\t\t\t<\/div>\n\n\t\n\n\t<div id=\"col-908901296\" class=\"col medium-4 small-12 large-4\"  >\n\t\t\t\t<div class=\"col-inner box-shadow-3\"  >\n\t\t\t\n\t\t\t\n\n\t<div class=\"img has-hover x md-x lg-x y md-y lg-y\" id=\"image_304190309\">\n\t\t<a class=\"image-lightbox lightbox-gallery\" title=\"\" href=\"https:\/\/eltamobilya.com\/wp-content\/uploads\/2024\/06\/pasifik-baza-piramit-baslik-2.png\">\t\t\t\t\t\t<div class=\"img-inner dark\" >\n\t\t\t<img loading=\"lazy\" decoding=\"async\" width=\"1020\" height=\"680\" src=\"https:\/\/eltamobilya.com\/wp-content\/uploads\/2024\/06\/pasifik-baza-piramit-baslik-2.png\" class=\"attachment-large size-large\" alt=\"\" srcset=\"https:\/\/eltamobilya.com\/wp-content\/uploads\/2024\/06\/pasifik-baza-piramit-baslik-2.png 1200w, https:\/\/eltamobilya.com\/wp-content\/uploads\/2024\/06\/pasifik-baza-piramit-baslik-2-600x400.png 600w, https:\/\/eltamobilya.com\/wp-content\/uploads\/2024\/06\/pasifik-baza-piramit-baslik-2-768x512.png 768w\" sizes=\"auto, (max-width: 1020px) 100vw, 1020px\" \/>\t\t\t\t\t\t\n\t\t\t\t\t<\/div>\n\t\t\t\t\t\t<\/a>\t\t\n<style>\n#image_304190309 {\n  width: 100%;\n}\n<\/style>\n\t<\/div>\n\t\n\n\n\t\t<\/div>\n\t\t\t\t\t<\/div>\n\n\t\n\n\t<div id=\"col-39446626\" class=\"col medium-4 small-12 large-4\"  >\n\t\t\t\t<div class=\"col-inner box-shadow-3\"  >\n\t\t\t\n\t\t\t\n\n\t<div class=\"img has-hover x md-x lg-x y md-y lg-y\" id=\"image_676643818\">\n\t\t<a class=\"image-lightbox lightbox-gallery\" title=\"\" href=\"https:\/\/eltamobilya.com\/wp-content\/uploads\/2024\/06\/pasifik-baza-piramit-baslik-3.png\">\t\t\t\t\t\t<div class=\"img-inner dark\" >\n\t\t\t<img loading=\"lazy\" decoding=\"async\" width=\"1020\" height=\"680\" src=\"https:\/\/eltamobilya.com\/wp-content\/uploads\/2024\/06\/pasifik-baza-piramit-baslik-3.png\" class=\"attachment-large size-large\" alt=\"\" srcset=\"https:\/\/eltamobilya.com\/wp-content\/uploads\/2024\/06\/pasifik-baza-piramit-baslik-3.png 1200w, https:\/\/eltamobilya.com\/wp-content\/uploads\/2024\/06\/pasifik-baza-piramit-baslik-3-600x400.png 600w, https:\/\/eltamobilya.com\/wp-content\/uploads\/2024\/06\/pasifik-baza-piramit-baslik-3-768x512.png 768w\" sizes=\"auto, (max-width: 1020px) 100vw, 1020px\" \/>\t\t\t\t\t\t\n\t\t\t\t\t<\/div>\n\t\t\t\t\t\t<\/a>\t\t\n<style>\n#image_676643818 {\n  width: 100%;\n}\n<\/style>\n\t<\/div>\n\t\n\n\n\t\t<\/div>\n\t\t\t\t\t<\/div>\n\n\t\n\n<\/div>\n\t<div id=\"gap-746909331\" class=\"gap-element clearfix\" style=\"display:block; height:auto;\">\n\t\t\n<style>\n#gap-746909331 {\n  padding-top: 30px;\n}\n<\/style>\n\t<\/div>\n\t\n\n<div class=\"row row-small row-full-width align-center\"  id=\"row-202206056\">\n\n\n\t<div id=\"col-1468477476\" class=\"col small-12 large-12\"  >\n\t\t\t\t<div class=\"col-inner\"  >\n\t\t\t\n\t\t\t\n\n\t<div class=\"img has-hover animated flash delay3 duration6 x md-x lg-x y md-y lg-y\" id=\"image_1091670524\">\n\t\t\t\t\t\t\t\t<div class=\"img-inner box-shadow-3-hover dark\" >\n\t\t\t<img loading=\"lazy\" decoding=\"async\" width=\"646\" height=\"391\" src=\"https:\/\/eltamobilya.com\/wp-content\/uploads\/2024\/06\/10-pasifik-baza-piramit-baslik-1.png\" class=\"attachment-large size-large\" alt=\"\" \/>\t\t\t\t\t\t\n\t\t\t\t\t<\/div>\n\t\t\t\t\t\t\t\t\n<style>\n#image_1091670524 {\n  width: 65%;\n}\n<\/style>\n\t<\/div>\n\t\n\n\n\t\t<\/div>\n\t\t\t\t\n<style>\n#col-1468477476 > .col-inner {\n  padding: 0px 0px 0px 15px;\n}\n<\/style>\n\t<\/div>\n\n\t\n\n<\/div>\n\n\t\t<\/div>\n\t\t\t\t\t<\/div>\n\n\t\n\n<\/div>\n\n","protected":false},"excerpt":{"rendered":"","protected":false},"author":1,"featured_media":0,"parent":0,"menu_order":0,"comment_status":"closed","ping_status":"closed","template":"page-blank.php","meta":{"footnotes":""},"class_list":["post-1286","page","type-page","status-publish","hentry"],"yoast_head":"<!-- This site is optimized with the Yoast SEO plugin v27.5 - https:\/\/yoast.com\/product\/yoast-seo-wordpress\/ -->\n<title>PASI\u0307FI\u0307K BAZA PI\u0307RAMI\u0307T BASLIK - Elta Mobilya<\/title>\n<meta name=\"robots\" content=\"index, follow, max-snippet:-1, max-image-preview:large, max-video-preview:-1\" \/>\n<link rel=\"canonical\" href=\"https:\/\/eltamobilya.com\/index.php\/pasifik-baza-piramit-baslik-2\" \/>\n<meta property=\"og:locale\" content=\"tr_TR\" \/>\n<meta property=\"og:type\" content=\"article\" \/>\n<meta property=\"og:title\" content=\"PASI\u0307FI\u0307K BAZA PI\u0307RAMI\u0307T BASLIK - Elta Mobilya\" \/>\n<meta property=\"og:url\" content=\"https:\/\/eltamobilya.com\/index.php\/pasifik-baza-piramit-baslik-2\" \/>\n<meta property=\"og:site_name\" content=\"Elta Mobilya\" \/>\n<meta property=\"article:modified_time\" content=\"2024-06-03T13:06:55+00:00\" \/>\n<meta name=\"twitter:card\" content=\"summary_large_image\" \/>\n<script type=\"application\/ld+json\" class=\"yoast-schema-graph\">{\"@context\":\"https:\\\/\\\/schema.org\",\"@graph\":[{\"@type\":\"WebPage\",\"@id\":\"https:\\\/\\\/eltamobilya.com\\\/index.php\\\/pasifik-baza-piramit-baslik-2\",\"url\":\"https:\\\/\\\/eltamobilya.com\\\/index.php\\\/pasifik-baza-piramit-baslik-2\",\"name\":\"PASI\u0307FI\u0307K BAZA PI\u0307RAMI\u0307T BASLIK - Elta Mobilya\",\"isPartOf\":{\"@id\":\"https:\\\/\\\/eltamobilya.com\\\/#website\"},\"datePublished\":\"2024-06-03T12:16:44+00:00\",\"dateModified\":\"2024-06-03T13:06:55+00:00\",\"breadcrumb\":{\"@id\":\"https:\\\/\\\/eltamobilya.com\\\/index.php\\\/pasifik-baza-piramit-baslik-2#breadcrumb\"},\"inLanguage\":\"tr\",\"potentialAction\":[{\"@type\":\"ReadAction\",\"target\":[\"https:\\\/\\\/eltamobilya.com\\\/index.php\\\/pasifik-baza-piramit-baslik-2\"]}]},{\"@type\":\"BreadcrumbList\",\"@id\":\"https:\\\/\\\/eltamobilya.com\\\/index.php\\\/pasifik-baza-piramit-baslik-2#breadcrumb\",\"itemListElement\":[{\"@type\":\"ListItem\",\"position\":1,\"name\":\"Anasayfa\",\"item\":\"https:\\\/\\\/eltamobilya.com\\\/\"},{\"@type\":\"ListItem\",\"position\":2,\"name\":\"PASI\u0307FI\u0307K BAZA PI\u0307RAMI\u0307T BASLIK\"}]},{\"@type\":\"WebSite\",\"@id\":\"https:\\\/\\\/eltamobilya.com\\\/#website\",\"url\":\"https:\\\/\\\/eltamobilya.com\\\/\",\"name\":\"Elta Mobilya\",\"description\":\"\",\"potentialAction\":[{\"@type\":\"SearchAction\",\"target\":{\"@type\":\"EntryPoint\",\"urlTemplate\":\"https:\\\/\\\/eltamobilya.com\\\/?s={search_term_string}\"},\"query-input\":{\"@type\":\"PropertyValueSpecification\",\"valueRequired\":true,\"valueName\":\"search_term_string\"}}],\"inLanguage\":\"tr\"}]}<\/script>\n<!-- \/ Yoast SEO plugin. -->","yoast_head_json":{"title":"PASI\u0307FI\u0307K BAZA PI\u0307RAMI\u0307T BASLIK - Elta Mobilya","robots":{"index":"index","follow":"follow","max-snippet":"max-snippet:-1","max-image-preview":"max-image-preview:large","max-video-preview":"max-video-preview:-1"},"canonical":"https:\/\/eltamobilya.com\/index.php\/pasifik-baza-piramit-baslik-2","og_locale":"tr_TR","og_type":"article","og_title":"PASI\u0307FI\u0307K BAZA PI\u0307RAMI\u0307T BASLIK - Elta Mobilya","og_url":"https:\/\/eltamobilya.com\/index.php\/pasifik-baza-piramit-baslik-2","og_site_name":"Elta Mobilya","article_modified_time":"2024-06-03T13:06:55+00:00","twitter_card":"summary_large_image","schema":{"@context":"https:\/\/schema.org","@graph":[{"@type":"WebPage","@id":"https:\/\/eltamobilya.com\/index.php\/pasifik-baza-piramit-baslik-2","url":"https:\/\/eltamobilya.com\/index.php\/pasifik-baza-piramit-baslik-2","name":"PASI\u0307FI\u0307K BAZA PI\u0307RAMI\u0307T BASLIK - Elta Mobilya","isPartOf":{"@id":"https:\/\/eltamobilya.com\/#website"},"datePublished":"2024-06-03T12:16:44+00:00","dateModified":"2024-06-03T13:06:55+00:00","breadcrumb":{"@id":"https:\/\/eltamobilya.com\/index.php\/pasifik-baza-piramit-baslik-2#breadcrumb"},"inLanguage":"tr","potentialAction":[{"@type":"ReadAction","target":["https:\/\/eltamobilya.com\/index.php\/pasifik-baza-piramit-baslik-2"]}]},{"@type":"BreadcrumbList","@id":"https:\/\/eltamobilya.com\/index.php\/pasifik-baza-piramit-baslik-2#breadcrumb","itemListElement":[{"@type":"ListItem","position":1,"name":"Anasayfa","item":"https:\/\/eltamobilya.com\/"},{"@type":"ListItem","position":2,"name":"PASI\u0307FI\u0307K BAZA PI\u0307RAMI\u0307T BASLIK"}]},{"@type":"WebSite","@id":"https:\/\/eltamobilya.com\/#website","url":"https:\/\/eltamobilya.com\/","name":"Elta Mobilya","description":"","potentialAction":[{"@type":"SearchAction","target":{"@type":"EntryPoint","urlTemplate":"https:\/\/eltamobilya.com\/?s={search_term_string}"},"query-input":{"@type":"PropertyValueSpecification","valueRequired":true,"valueName":"search_term_string"}}],"inLanguage":"tr"}]}},"_links":{"self":[{"href":"https:\/\/eltamobilya.com\/index.php\/wp-json\/wp\/v2\/pages\/1286","targetHints":{"allow":["GET"]}}],"collection":[{"href":"https:\/\/eltamobilya.com\/index.php\/wp-json\/wp\/v2\/pages"}],"about":[{"href":"https:\/\/eltamobilya.com\/index.php\/wp-json\/wp\/v2\/types\/page"}],"author":[{"embeddable":true,"href":"https:\/\/eltamobilya.com\/index.php\/wp-json\/wp\/v2\/users\/1"}],"replies":[{"embeddable":true,"href":"https:\/\/eltamobilya.com\/index.php\/wp-json\/wp\/v2\/comments?post=1286"}],"version-history":[{"count":2,"href":"https:\/\/eltamobilya.com\/index.php\/wp-json\/wp\/v2\/pages\/1286\/revisions"}],"predecessor-version":[{"id":1382,"href":"https:\/\/eltamobilya.com\/index.php\/wp-json\/wp\/v2\/pages\/1286\/revisions\/1382"}],"wp:attachment":[{"href":"https:\/\/eltamobilya.com\/index.php\/wp-json\/wp\/v2\/media?parent=1286"}],"curies":[{"name":"wp","href":"https:\/\/api.w.org\/{rel}","templated":true}]}}