{"id":1472,"date":"2024-06-04T13:29:44","date_gmt":"2024-06-04T13:29:44","guid":{"rendered":"https:\/\/eltamobilya.com\/?page_id=1472"},"modified":"2024-06-04T14:13:49","modified_gmt":"2024-06-04T14:13:49","slug":"pasifik-baza-buse-baslik","status":"publish","type":"page","link":"https:\/\/eltamobilya.com\/index.php\/pasifik-baza-buse-baslik","title":{"rendered":"PASI\u0307FI\u0307K BAZA BUSE BASLIK"},"content":{"rendered":"\n<div class=\"row row-small row-full-width\"  id=\"row-1577465116\">\n\n\n\t<div id=\"col-2005350307\" class=\"col medium-2 small-6 large-2\"  >\n\t\t\t\t<div class=\"col-inner\"  >\n\t\t\t\n\t\t\t\n\n\t<div class=\"img has-hover x md-x lg-x y md-y lg-y\" id=\"image_1997610198\">\n\t\t<a class=\"\" href=\"https:\/\/eltamobilya.com\/index.php\/cift-kisilik-bazalar\"  >\t\t\t\t\t\t<div class=\"img-inner image-zoom box-shadow-3 dark\" >\n\t\t\t<img loading=\"lazy\" decoding=\"async\" width=\"240\" height=\"90\" src=\"https:\/\/eltamobilya.com\/wp-content\/uploads\/2021\/10\/i1.jpg\" class=\"attachment-large size-large\" alt=\"\" \/>\t\t\t\t\t\t\n\t\t\t\t\t<\/div>\n\t\t\t\t\t\t<\/a>\t\t\n<style>\n#image_1997610198 {\n  width: 100%;\n}\n<\/style>\n\t<\/div>\n\t\n\n\n\t\t<\/div>\n\t\t\t\t\t<\/div>\n\n\t\n\n\t<div id=\"col-155063933\" class=\"col medium-2 small-6 large-2\"  >\n\t\t\t\t<div class=\"col-inner\"  >\n\t\t\t\n\t\t\t\n\n\t<div class=\"img has-hover x md-x lg-x y md-y lg-y\" id=\"image_1193703471\">\n\t\t<a class=\"\" href=\"https:\/\/eltamobilya.com\/index.php\/tek-kisilik-bazalar\"  >\t\t\t\t\t\t<div class=\"img-inner image-zoom box-shadow-3 dark\" >\n\t\t\t<img loading=\"lazy\" decoding=\"async\" width=\"240\" height=\"90\" src=\"https:\/\/eltamobilya.com\/wp-content\/uploads\/2021\/10\/i2.jpg\" class=\"attachment-large size-large\" alt=\"\" \/>\t\t\t\t\t\t\n\t\t\t\t\t<\/div>\n\t\t\t\t\t\t<\/a>\t\t\n<style>\n#image_1193703471 {\n  width: 100%;\n}\n<\/style>\n\t<\/div>\n\t\n\n\n\t\t<\/div>\n\t\t\t\t\t<\/div>\n\n\t\n\n\t<div id=\"col-351501767\" class=\"col medium-2 small-6 large-2\"  >\n\t\t\t\t<div class=\"col-inner\"  >\n\t\t\t\n\t\t\t\n\n\t<div class=\"img has-hover x md-x lg-x y md-y lg-y\" id=\"image_1703990120\">\n\t\t<a class=\"\" href=\"https:\/\/eltamobilya.com\/index.php\/yataklar\"  >\t\t\t\t\t\t<div class=\"img-inner image-zoom box-shadow-3 dark\" >\n\t\t\t<img loading=\"lazy\" decoding=\"async\" width=\"240\" height=\"90\" src=\"https:\/\/eltamobilya.com\/wp-content\/uploads\/2021\/10\/i3.jpg\" class=\"attachment-large size-large\" alt=\"\" \/>\t\t\t\t\t\t\n\t\t\t\t\t<\/div>\n\t\t\t\t\t\t<\/a>\t\t\n<style>\n#image_1703990120 {\n  width: 100%;\n}\n<\/style>\n\t<\/div>\n\t\n\n\n\t\t<\/div>\n\t\t\t\t\t<\/div>\n\n\t\n\n\t<div id=\"col-382647759\" class=\"col medium-2 small-6 large-2\"  >\n\t\t\t\t<div class=\"col-inner\"  >\n\t\t\t\n\t\t\t\n\n\t<div class=\"img has-hover x md-x lg-x y md-y lg-y\" id=\"image_1675377485\">\n\t\t<a class=\"\" href=\"https:\/\/eltamobilya.com\/index.php\/karyolalar-lata\"  >\t\t\t\t\t\t<div class=\"img-inner image-zoom box-shadow-3 dark\" >\n\t\t\t<img loading=\"lazy\" decoding=\"async\" width=\"240\" height=\"90\" src=\"https:\/\/eltamobilya.com\/wp-content\/uploads\/2021\/10\/K.png\" class=\"attachment-large size-large\" alt=\"\" \/>\t\t\t\t\t\t\n\t\t\t\t\t<\/div>\n\t\t\t\t\t\t<\/a>\t\t\n<style>\n#image_1675377485 {\n  width: 100%;\n}\n<\/style>\n\t<\/div>\n\t\n\n\n\t\t<\/div>\n\t\t\t\t\t<\/div>\n\n\t\n\n\t<div id=\"col-1682966061\" class=\"col medium-2 small-6 large-2\"  >\n\t\t\t\t<div class=\"col-inner\"  >\n\t\t\t\n\t\t\t\n\n\t<div class=\"img has-hover x md-x lg-x y md-y lg-y\" id=\"image_924664791\">\n\t\t<a class=\"\" href=\"https:\/\/eltamobilya.com\/index.php\/puflar\"  >\t\t\t\t\t\t<div class=\"img-inner image-zoom box-shadow-3 dark\" >\n\t\t\t<img loading=\"lazy\" decoding=\"async\" width=\"240\" height=\"90\" src=\"https:\/\/eltamobilya.com\/wp-content\/uploads\/2021\/10\/i5.jpg\" class=\"attachment-large size-large\" alt=\"\" \/>\t\t\t\t\t\t\n\t\t\t\t\t<\/div>\n\t\t\t\t\t\t<\/a>\t\t\n<style>\n#image_924664791 {\n  width: 100%;\n}\n<\/style>\n\t<\/div>\n\t\n\n\n\t\t<\/div>\n\t\t\t\t\t<\/div>\n\n\t\n\n\t<div id=\"col-525630674\" class=\"col medium-2 small-6 large-2\"  >\n\t\t\t\t<div class=\"col-inner\"  >\n\t\t\t\n\t\t\t\n\n\t<div class=\"img has-hover x md-x lg-x y md-y lg-y\" id=\"image_1021674216\">\n\t\t<a class=\"\" href=\"https:\/\/eltamobilya.com\/index.php\/ayak-modelleri\"  >\t\t\t\t\t\t<div class=\"img-inner image-zoom box-shadow-3 dark\" >\n\t\t\t<img loading=\"lazy\" decoding=\"async\" width=\"240\" height=\"90\" src=\"https:\/\/eltamobilya.com\/wp-content\/uploads\/2021\/10\/ayak-modelleri-1.png\" class=\"attachment-large size-large\" alt=\"\" \/>\t\t\t\t\t\t\n\t\t\t\t\t<\/div>\n\t\t\t\t\t\t<\/a>\t\t\n<style>\n#image_1021674216 {\n  width: 100%;\n}\n<\/style>\n\t<\/div>\n\t\n\n\n\t\t<\/div>\n\t\t\t\t\t<\/div>\n\n\t\n\n\n<style>\n#row-1577465116 > .col > .col-inner {\n  padding: 15px 0px 0px 0px;\n}\n<\/style>\n<\/div>\n<div class=\"container section-title-container\" style=\"margin-top:15px;margin-bottom:20px;max-width:1580px;\"><h4 class=\"section-title section-title-center\"><b><\/b><span class=\"section-title-main\" >TEK K\u0130\u015e\u0130L\u0130K BAZALAR<\/span><b><\/b><\/h4><\/div>\n\n<div class=\"row row-full-width\"  id=\"row-1053457607\">\n\n\n\t<div id=\"col-456058972\" class=\"col medium-6 small-6 large-6\"  >\n\t\t\t\t<div class=\"col-inner text-center box-shadow-4 dark\"  >\n\t\t\t\n\t\t\t\n\n\t<div class=\"img has-hover x md-x lg-x y md-y lg-y\" id=\"image_1593958670\">\n\t\t\t\t\t\t\t\t<div class=\"img-inner dark\" >\n\t\t\t<img loading=\"lazy\" decoding=\"async\" width=\"1020\" height=\"638\" src=\"https:\/\/eltamobilya.com\/wp-content\/uploads\/2024\/06\/pasifik-baza-buse-baslik-1600x1000.png\" class=\"attachment-large size-large\" alt=\"\" srcset=\"https:\/\/eltamobilya.com\/wp-content\/uploads\/2024\/06\/pasifik-baza-buse-baslik-1600x1000.png 1600w, https:\/\/eltamobilya.com\/wp-content\/uploads\/2024\/06\/pasifik-baza-buse-baslik-640x400.png 640w, https:\/\/eltamobilya.com\/wp-content\/uploads\/2024\/06\/pasifik-baza-buse-baslik-768x480.png 768w, https:\/\/eltamobilya.com\/wp-content\/uploads\/2024\/06\/pasifik-baza-buse-baslik-1536x960.png 1536w, https:\/\/eltamobilya.com\/wp-content\/uploads\/2024\/06\/pasifik-baza-buse-baslik.png 1890w\" sizes=\"auto, (max-width: 1020px) 100vw, 1020px\" \/>\t\t\t\t\t\t\n\t\t\t\t\t<\/div>\n\t\t\t\t\t\t\t\t\n<style>\n#image_1593958670 {\n  width: 100%;\n}\n<\/style>\n\t<\/div>\n\t\n\n\n\t\t<\/div>\n\t\t\t\t\t<\/div>\n\n\t\n\n\t<div id=\"col-1315878987\" class=\"col medium-6 small-12 large-6\"  >\n\t\t\t\t<div class=\"col-inner text-center\"  >\n\t\t\t\n\t\t\t\n\n<div class=\"row row-small row-full-width align-center\"  id=\"row-198948689\">\n\n\n\t<div id=\"col-1539399309\" class=\"col medium-4 small-12 large-4\"  >\n\t\t\t\t<div class=\"col-inner box-shadow-3\"  >\n\t\t\t\n\t\t\t\n\n\t<div class=\"img has-hover x md-x lg-x y md-y lg-y\" id=\"image_942077635\">\n\t\t<a class=\"image-lightbox lightbox-gallery\" title=\"\" href=\"https:\/\/eltamobilya.com\/wp-content\/uploads\/2024\/06\/pasifik-baza-buse-baslik-1.png\">\t\t\t\t\t\t<div class=\"img-inner dark\" >\n\t\t\t<img loading=\"lazy\" decoding=\"async\" width=\"1020\" height=\"680\" src=\"https:\/\/eltamobilya.com\/wp-content\/uploads\/2024\/06\/pasifik-baza-buse-baslik-1.png\" class=\"attachment-large size-large\" alt=\"\" srcset=\"https:\/\/eltamobilya.com\/wp-content\/uploads\/2024\/06\/pasifik-baza-buse-baslik-1.png 1200w, https:\/\/eltamobilya.com\/wp-content\/uploads\/2024\/06\/pasifik-baza-buse-baslik-1-600x400.png 600w, https:\/\/eltamobilya.com\/wp-content\/uploads\/2024\/06\/pasifik-baza-buse-baslik-1-768x512.png 768w\" sizes=\"auto, (max-width: 1020px) 100vw, 1020px\" \/>\t\t\t\t\t\t\n\t\t\t\t\t<\/div>\n\t\t\t\t\t\t<\/a>\t\t\n<style>\n#image_942077635 {\n  width: 100%;\n}\n<\/style>\n\t<\/div>\n\t\n\n\n\t\t<\/div>\n\t\t\t\t\t<\/div>\n\n\t\n\n\t<div id=\"col-1311631467\" class=\"col medium-4 small-12 large-4\"  >\n\t\t\t\t<div class=\"col-inner box-shadow-3\"  >\n\t\t\t\n\t\t\t\n\n\t<div class=\"img has-hover x md-x lg-x y md-y lg-y\" id=\"image_753034214\">\n\t\t<a class=\"image-lightbox lightbox-gallery\" title=\"\" href=\"https:\/\/eltamobilya.com\/wp-content\/uploads\/2024\/06\/pasifik-baza-buse-baslik-2.png\">\t\t\t\t\t\t<div class=\"img-inner dark\" >\n\t\t\t<img loading=\"lazy\" decoding=\"async\" width=\"1020\" height=\"680\" src=\"https:\/\/eltamobilya.com\/wp-content\/uploads\/2024\/06\/pasifik-baza-buse-baslik-2.png\" class=\"attachment-large size-large\" alt=\"\" srcset=\"https:\/\/eltamobilya.com\/wp-content\/uploads\/2024\/06\/pasifik-baza-buse-baslik-2.png 1200w, https:\/\/eltamobilya.com\/wp-content\/uploads\/2024\/06\/pasifik-baza-buse-baslik-2-600x400.png 600w, https:\/\/eltamobilya.com\/wp-content\/uploads\/2024\/06\/pasifik-baza-buse-baslik-2-768x512.png 768w\" sizes=\"auto, (max-width: 1020px) 100vw, 1020px\" \/>\t\t\t\t\t\t\n\t\t\t\t\t<\/div>\n\t\t\t\t\t\t<\/a>\t\t\n<style>\n#image_753034214 {\n  width: 100%;\n}\n<\/style>\n\t<\/div>\n\t\n\n\n\t\t<\/div>\n\t\t\t\t\t<\/div>\n\n\t\n\n\t<div id=\"col-424131708\" class=\"col medium-4 small-12 large-4\"  >\n\t\t\t\t<div class=\"col-inner box-shadow-3\"  >\n\t\t\t\n\t\t\t\n\n\t<div class=\"img has-hover x md-x lg-x y md-y lg-y\" id=\"image_1934012614\">\n\t\t<a class=\"image-lightbox lightbox-gallery\" title=\"\" href=\"https:\/\/eltamobilya.com\/wp-content\/uploads\/2024\/06\/pasifik-baza-buse-baslik-3.png\">\t\t\t\t\t\t<div class=\"img-inner dark\" >\n\t\t\t<img loading=\"lazy\" decoding=\"async\" width=\"1020\" height=\"680\" src=\"https:\/\/eltamobilya.com\/wp-content\/uploads\/2024\/06\/pasifik-baza-buse-baslik-3.png\" class=\"attachment-large size-large\" alt=\"\" srcset=\"https:\/\/eltamobilya.com\/wp-content\/uploads\/2024\/06\/pasifik-baza-buse-baslik-3.png 1200w, https:\/\/eltamobilya.com\/wp-content\/uploads\/2024\/06\/pasifik-baza-buse-baslik-3-600x400.png 600w, https:\/\/eltamobilya.com\/wp-content\/uploads\/2024\/06\/pasifik-baza-buse-baslik-3-768x512.png 768w\" sizes=\"auto, (max-width: 1020px) 100vw, 1020px\" \/>\t\t\t\t\t\t\n\t\t\t\t\t<\/div>\n\t\t\t\t\t\t<\/a>\t\t\n<style>\n#image_1934012614 {\n  width: 100%;\n}\n<\/style>\n\t<\/div>\n\t\n\n\n\t\t<\/div>\n\t\t\t\t\t<\/div>\n\n\t\n\n<\/div>\n\t<div id=\"gap-593445841\" class=\"gap-element clearfix\" style=\"display:block; height:auto;\">\n\t\t\n<style>\n#gap-593445841 {\n  padding-top: 30px;\n}\n<\/style>\n\t<\/div>\n\t\n\n<div class=\"row row-small row-full-width align-center\"  id=\"row-1452908939\">\n\n\n\t<div id=\"col-596532560\" class=\"col small-12 large-12\"  >\n\t\t\t\t<div class=\"col-inner\"  >\n\t\t\t\n\t\t\t\n\n\t<div class=\"img has-hover animated flash delay3 duration6 x md-x lg-x y md-y lg-y\" id=\"image_1988264765\">\n\t\t\t\t\t\t\t\t<div class=\"img-inner box-shadow-3-hover dark\" >\n\t\t\t<img loading=\"lazy\" decoding=\"async\" width=\"646\" height=\"391\" src=\"https:\/\/eltamobilya.com\/wp-content\/uploads\/2024\/06\/1-pasifik-baza-buse-baslik-1.png\" class=\"attachment-large size-large\" alt=\"\" \/>\t\t\t\t\t\t\n\t\t\t\t\t<\/div>\n\t\t\t\t\t\t\t\t\n<style>\n#image_1988264765 {\n  width: 65%;\n}\n<\/style>\n\t<\/div>\n\t\n\n\n\t\t<\/div>\n\t\t\t\t\n<style>\n#col-596532560 > .col-inner {\n  padding: 0px 0px 0px 15px;\n}\n<\/style>\n\t<\/div>\n\n\t\n\n<\/div>\n\n\t\t<\/div>\n\t\t\t\t\t<\/div>\n\n\t\n\n<\/div>\n\n","protected":false},"excerpt":{"rendered":"","protected":false},"author":1,"featured_media":0,"parent":0,"menu_order":0,"comment_status":"closed","ping_status":"closed","template":"page-blank.php","meta":{"footnotes":""},"class_list":["post-1472","page","type-page","status-publish","hentry"],"yoast_head":"<!-- This site is optimized with the Yoast SEO plugin v27.4 - https:\/\/yoast.com\/product\/yoast-seo-wordpress\/ -->\n<title>PASI\u0307FI\u0307K BAZA BUSE BASLIK - Elta Mobilya<\/title>\n<meta name=\"robots\" content=\"index, follow, max-snippet:-1, max-image-preview:large, max-video-preview:-1\" \/>\n<link rel=\"canonical\" href=\"https:\/\/eltamobilya.com\/index.php\/pasifik-baza-buse-baslik\" \/>\n<meta property=\"og:locale\" content=\"tr_TR\" \/>\n<meta property=\"og:type\" content=\"article\" \/>\n<meta property=\"og:title\" content=\"PASI\u0307FI\u0307K BAZA BUSE BASLIK - Elta Mobilya\" \/>\n<meta property=\"og:url\" content=\"https:\/\/eltamobilya.com\/index.php\/pasifik-baza-buse-baslik\" \/>\n<meta property=\"og:site_name\" content=\"Elta Mobilya\" \/>\n<meta property=\"article:modified_time\" content=\"2024-06-04T14:13:49+00:00\" \/>\n<meta name=\"twitter:card\" content=\"summary_large_image\" \/>\n<script type=\"application\/ld+json\" class=\"yoast-schema-graph\">{\"@context\":\"https:\\\/\\\/schema.org\",\"@graph\":[{\"@type\":\"WebPage\",\"@id\":\"https:\\\/\\\/eltamobilya.com\\\/index.php\\\/pasifik-baza-buse-baslik\",\"url\":\"https:\\\/\\\/eltamobilya.com\\\/index.php\\\/pasifik-baza-buse-baslik\",\"name\":\"PASI\u0307FI\u0307K BAZA BUSE BASLIK - Elta Mobilya\",\"isPartOf\":{\"@id\":\"https:\\\/\\\/eltamobilya.com\\\/#website\"},\"datePublished\":\"2024-06-04T13:29:44+00:00\",\"dateModified\":\"2024-06-04T14:13:49+00:00\",\"breadcrumb\":{\"@id\":\"https:\\\/\\\/eltamobilya.com\\\/index.php\\\/pasifik-baza-buse-baslik#breadcrumb\"},\"inLanguage\":\"tr\",\"potentialAction\":[{\"@type\":\"ReadAction\",\"target\":[\"https:\\\/\\\/eltamobilya.com\\\/index.php\\\/pasifik-baza-buse-baslik\"]}]},{\"@type\":\"BreadcrumbList\",\"@id\":\"https:\\\/\\\/eltamobilya.com\\\/index.php\\\/pasifik-baza-buse-baslik#breadcrumb\",\"itemListElement\":[{\"@type\":\"ListItem\",\"position\":1,\"name\":\"Anasayfa\",\"item\":\"https:\\\/\\\/eltamobilya.com\\\/\"},{\"@type\":\"ListItem\",\"position\":2,\"name\":\"PASI\u0307FI\u0307K BAZA BUSE BASLIK\"}]},{\"@type\":\"WebSite\",\"@id\":\"https:\\\/\\\/eltamobilya.com\\\/#website\",\"url\":\"https:\\\/\\\/eltamobilya.com\\\/\",\"name\":\"Elta Mobilya\",\"description\":\"\",\"potentialAction\":[{\"@type\":\"SearchAction\",\"target\":{\"@type\":\"EntryPoint\",\"urlTemplate\":\"https:\\\/\\\/eltamobilya.com\\\/?s={search_term_string}\"},\"query-input\":{\"@type\":\"PropertyValueSpecification\",\"valueRequired\":true,\"valueName\":\"search_term_string\"}}],\"inLanguage\":\"tr\"}]}<\/script>\n<!-- \/ Yoast SEO plugin. -->","yoast_head_json":{"title":"PASI\u0307FI\u0307K BAZA BUSE BASLIK - Elta Mobilya","robots":{"index":"index","follow":"follow","max-snippet":"max-snippet:-1","max-image-preview":"max-image-preview:large","max-video-preview":"max-video-preview:-1"},"canonical":"https:\/\/eltamobilya.com\/index.php\/pasifik-baza-buse-baslik","og_locale":"tr_TR","og_type":"article","og_title":"PASI\u0307FI\u0307K BAZA BUSE BASLIK - Elta Mobilya","og_url":"https:\/\/eltamobilya.com\/index.php\/pasifik-baza-buse-baslik","og_site_name":"Elta Mobilya","article_modified_time":"2024-06-04T14:13:49+00:00","twitter_card":"summary_large_image","schema":{"@context":"https:\/\/schema.org","@graph":[{"@type":"WebPage","@id":"https:\/\/eltamobilya.com\/index.php\/pasifik-baza-buse-baslik","url":"https:\/\/eltamobilya.com\/index.php\/pasifik-baza-buse-baslik","name":"PASI\u0307FI\u0307K BAZA BUSE BASLIK - Elta Mobilya","isPartOf":{"@id":"https:\/\/eltamobilya.com\/#website"},"datePublished":"2024-06-04T13:29:44+00:00","dateModified":"2024-06-04T14:13:49+00:00","breadcrumb":{"@id":"https:\/\/eltamobilya.com\/index.php\/pasifik-baza-buse-baslik#breadcrumb"},"inLanguage":"tr","potentialAction":[{"@type":"ReadAction","target":["https:\/\/eltamobilya.com\/index.php\/pasifik-baza-buse-baslik"]}]},{"@type":"BreadcrumbList","@id":"https:\/\/eltamobilya.com\/index.php\/pasifik-baza-buse-baslik#breadcrumb","itemListElement":[{"@type":"ListItem","position":1,"name":"Anasayfa","item":"https:\/\/eltamobilya.com\/"},{"@type":"ListItem","position":2,"name":"PASI\u0307FI\u0307K BAZA BUSE BASLIK"}]},{"@type":"WebSite","@id":"https:\/\/eltamobilya.com\/#website","url":"https:\/\/eltamobilya.com\/","name":"Elta Mobilya","description":"","potentialAction":[{"@type":"SearchAction","target":{"@type":"EntryPoint","urlTemplate":"https:\/\/eltamobilya.com\/?s={search_term_string}"},"query-input":{"@type":"PropertyValueSpecification","valueRequired":true,"valueName":"search_term_string"}}],"inLanguage":"tr"}]}},"_links":{"self":[{"href":"https:\/\/eltamobilya.com\/index.php\/wp-json\/wp\/v2\/pages\/1472","targetHints":{"allow":["GET"]}}],"collection":[{"href":"https:\/\/eltamobilya.com\/index.php\/wp-json\/wp\/v2\/pages"}],"about":[{"href":"https:\/\/eltamobilya.com\/index.php\/wp-json\/wp\/v2\/types\/page"}],"author":[{"embeddable":true,"href":"https:\/\/eltamobilya.com\/index.php\/wp-json\/wp\/v2\/users\/1"}],"replies":[{"embeddable":true,"href":"https:\/\/eltamobilya.com\/index.php\/wp-json\/wp\/v2\/comments?post=1472"}],"version-history":[{"count":3,"href":"https:\/\/eltamobilya.com\/index.php\/wp-json\/wp\/v2\/pages\/1472\/revisions"}],"predecessor-version":[{"id":1541,"href":"https:\/\/eltamobilya.com\/index.php\/wp-json\/wp\/v2\/pages\/1472\/revisions\/1541"}],"wp:attachment":[{"href":"https:\/\/eltamobilya.com\/index.php\/wp-json\/wp\/v2\/media?parent=1472"}],"curies":[{"name":"wp","href":"https:\/\/api.w.org\/{rel}","templated":true}]}}