{"id":1508,"date":"2024-06-04T13:37:26","date_gmt":"2024-06-04T13:37:26","guid":{"rendered":"https:\/\/eltamobilya.com\/?page_id=1508"},"modified":"2024-06-05T12:19:51","modified_gmt":"2024-06-05T12:19:51","slug":"elit-baza-gamze-baslik-9","status":"publish","type":"page","link":"https:\/\/eltamobilya.com\/index.php\/elit-baza-gamze-baslik-9","title":{"rendered":"ELI\u0307T BAZA GAMZE BASLIK"},"content":{"rendered":"\n<div class=\"row row-small row-full-width\"  id=\"row-2019462037\">\n\n\n\t<div id=\"col-1949922972\" class=\"col medium-2 small-6 large-2\"  >\n\t\t\t\t<div class=\"col-inner\"  >\n\t\t\t\n\t\t\t\n\n\t<div class=\"img has-hover x md-x lg-x y md-y lg-y\" id=\"image_725990049\">\n\t\t<a class=\"\" href=\"https:\/\/eltamobilya.com\/index.php\/cift-kisilik-bazalar\"  >\t\t\t\t\t\t<div class=\"img-inner image-zoom box-shadow-3 dark\" >\n\t\t\t<img loading=\"lazy\" decoding=\"async\" width=\"240\" height=\"90\" src=\"https:\/\/eltamobilya.com\/wp-content\/uploads\/2021\/10\/i1.jpg\" class=\"attachment-large size-large\" alt=\"\" \/>\t\t\t\t\t\t\n\t\t\t\t\t<\/div>\n\t\t\t\t\t\t<\/a>\t\t\n<style>\n#image_725990049 {\n  width: 100%;\n}\n<\/style>\n\t<\/div>\n\t\n\n\n\t\t<\/div>\n\t\t\t\t\t<\/div>\n\n\t\n\n\t<div id=\"col-1610838057\" class=\"col medium-2 small-6 large-2\"  >\n\t\t\t\t<div class=\"col-inner\"  >\n\t\t\t\n\t\t\t\n\n\t<div class=\"img has-hover x md-x lg-x y md-y lg-y\" id=\"image_1153122847\">\n\t\t<a class=\"\" href=\"https:\/\/eltamobilya.com\/index.php\/tek-kisilik-bazalar\"  >\t\t\t\t\t\t<div class=\"img-inner image-zoom box-shadow-3 dark\" >\n\t\t\t<img loading=\"lazy\" decoding=\"async\" width=\"240\" height=\"90\" src=\"https:\/\/eltamobilya.com\/wp-content\/uploads\/2021\/10\/i2.jpg\" class=\"attachment-large size-large\" alt=\"\" \/>\t\t\t\t\t\t\n\t\t\t\t\t<\/div>\n\t\t\t\t\t\t<\/a>\t\t\n<style>\n#image_1153122847 {\n  width: 100%;\n}\n<\/style>\n\t<\/div>\n\t\n\n\n\t\t<\/div>\n\t\t\t\t\t<\/div>\n\n\t\n\n\t<div id=\"col-287507738\" class=\"col medium-2 small-6 large-2\"  >\n\t\t\t\t<div class=\"col-inner\"  >\n\t\t\t\n\t\t\t\n\n\t<div class=\"img has-hover x md-x lg-x y md-y lg-y\" id=\"image_36602038\">\n\t\t<a class=\"\" href=\"https:\/\/eltamobilya.com\/index.php\/yataklar\"  >\t\t\t\t\t\t<div class=\"img-inner image-zoom box-shadow-3 dark\" >\n\t\t\t<img loading=\"lazy\" decoding=\"async\" width=\"240\" height=\"90\" src=\"https:\/\/eltamobilya.com\/wp-content\/uploads\/2021\/10\/i3.jpg\" class=\"attachment-large size-large\" alt=\"\" \/>\t\t\t\t\t\t\n\t\t\t\t\t<\/div>\n\t\t\t\t\t\t<\/a>\t\t\n<style>\n#image_36602038 {\n  width: 100%;\n}\n<\/style>\n\t<\/div>\n\t\n\n\n\t\t<\/div>\n\t\t\t\t\t<\/div>\n\n\t\n\n\t<div id=\"col-917471747\" class=\"col medium-2 small-6 large-2\"  >\n\t\t\t\t<div class=\"col-inner\"  >\n\t\t\t\n\t\t\t\n\n\t<div class=\"img has-hover x md-x lg-x y md-y lg-y\" id=\"image_479203203\">\n\t\t<a class=\"\" href=\"https:\/\/eltamobilya.com\/index.php\/karyolalar-lata\"  >\t\t\t\t\t\t<div class=\"img-inner image-zoom box-shadow-3 dark\" >\n\t\t\t<img loading=\"lazy\" decoding=\"async\" width=\"240\" height=\"90\" src=\"https:\/\/eltamobilya.com\/wp-content\/uploads\/2021\/10\/K.png\" class=\"attachment-large size-large\" alt=\"\" \/>\t\t\t\t\t\t\n\t\t\t\t\t<\/div>\n\t\t\t\t\t\t<\/a>\t\t\n<style>\n#image_479203203 {\n  width: 100%;\n}\n<\/style>\n\t<\/div>\n\t\n\n\n\t\t<\/div>\n\t\t\t\t\t<\/div>\n\n\t\n\n\t<div id=\"col-1938368748\" class=\"col medium-2 small-6 large-2\"  >\n\t\t\t\t<div class=\"col-inner\"  >\n\t\t\t\n\t\t\t\n\n\t<div class=\"img has-hover x md-x lg-x y md-y lg-y\" id=\"image_676636894\">\n\t\t<a class=\"\" href=\"https:\/\/eltamobilya.com\/index.php\/puflar\"  >\t\t\t\t\t\t<div class=\"img-inner image-zoom box-shadow-3 dark\" >\n\t\t\t<img loading=\"lazy\" decoding=\"async\" width=\"240\" height=\"90\" src=\"https:\/\/eltamobilya.com\/wp-content\/uploads\/2021\/10\/i5.jpg\" class=\"attachment-large size-large\" alt=\"\" \/>\t\t\t\t\t\t\n\t\t\t\t\t<\/div>\n\t\t\t\t\t\t<\/a>\t\t\n<style>\n#image_676636894 {\n  width: 100%;\n}\n<\/style>\n\t<\/div>\n\t\n\n\n\t\t<\/div>\n\t\t\t\t\t<\/div>\n\n\t\n\n\t<div id=\"col-619264744\" class=\"col medium-2 small-6 large-2\"  >\n\t\t\t\t<div class=\"col-inner\"  >\n\t\t\t\n\t\t\t\n\n\t<div class=\"img has-hover x md-x lg-x y md-y lg-y\" id=\"image_1184887256\">\n\t\t<a class=\"\" href=\"https:\/\/eltamobilya.com\/index.php\/ayak-modelleri\"  >\t\t\t\t\t\t<div class=\"img-inner image-zoom box-shadow-3 dark\" >\n\t\t\t<img loading=\"lazy\" decoding=\"async\" width=\"240\" height=\"90\" src=\"https:\/\/eltamobilya.com\/wp-content\/uploads\/2021\/10\/ayak-modelleri-1.png\" class=\"attachment-large size-large\" alt=\"\" \/>\t\t\t\t\t\t\n\t\t\t\t\t<\/div>\n\t\t\t\t\t\t<\/a>\t\t\n<style>\n#image_1184887256 {\n  width: 100%;\n}\n<\/style>\n\t<\/div>\n\t\n\n\n\t\t<\/div>\n\t\t\t\t\t<\/div>\n\n\t\n\n\n<style>\n#row-2019462037 > .col > .col-inner {\n  padding: 15px 0px 0px 0px;\n}\n<\/style>\n<\/div>\n<div class=\"container section-title-container\" style=\"margin-top:15px;margin-bottom:20px;max-width:1580px;\"><h4 class=\"section-title section-title-center\"><b><\/b><span class=\"section-title-main\" >TEK K\u0130\u015e\u0130L\u0130K BAZALAR<\/span><b><\/b><\/h4><\/div>\n\n<div class=\"row row-full-width\"  id=\"row-1992946706\">\n\n\n\t<div id=\"col-1776174898\" class=\"col medium-6 small-6 large-6\"  >\n\t\t\t\t<div class=\"col-inner text-center box-shadow-4 dark\"  >\n\t\t\t\n\t\t\t\n\n\t<div class=\"img has-hover x md-x lg-x y md-y lg-y\" id=\"image_607135645\">\n\t\t\t\t\t\t\t\t<div class=\"img-inner dark\" >\n\t\t\t<img loading=\"lazy\" decoding=\"async\" width=\"1020\" height=\"638\" src=\"https:\/\/eltamobilya.com\/wp-content\/uploads\/2024\/06\/elit-baza-gamze-baslik-4-1600x1000.png\" class=\"attachment-large size-large\" alt=\"\" srcset=\"https:\/\/eltamobilya.com\/wp-content\/uploads\/2024\/06\/elit-baza-gamze-baslik-4-1600x1000.png 1600w, https:\/\/eltamobilya.com\/wp-content\/uploads\/2024\/06\/elit-baza-gamze-baslik-4-640x400.png 640w, https:\/\/eltamobilya.com\/wp-content\/uploads\/2024\/06\/elit-baza-gamze-baslik-4-768x480.png 768w, https:\/\/eltamobilya.com\/wp-content\/uploads\/2024\/06\/elit-baza-gamze-baslik-4-1536x960.png 1536w, https:\/\/eltamobilya.com\/wp-content\/uploads\/2024\/06\/elit-baza-gamze-baslik-4.png 1890w\" sizes=\"auto, (max-width: 1020px) 100vw, 1020px\" \/>\t\t\t\t\t\t\n\t\t\t\t\t<\/div>\n\t\t\t\t\t\t\t\t\n<style>\n#image_607135645 {\n  width: 100%;\n}\n<\/style>\n\t<\/div>\n\t\n\n\n\t\t<\/div>\n\t\t\t\t\t<\/div>\n\n\t\n\n\t<div id=\"col-48785682\" class=\"col medium-6 small-12 large-6\"  >\n\t\t\t\t<div class=\"col-inner text-center\"  >\n\t\t\t\n\t\t\t\n\n<div class=\"row row-small row-full-width align-center\"  id=\"row-2034206310\">\n\n\n\t<div id=\"col-1861856702\" class=\"col medium-4 small-12 large-4\"  >\n\t\t\t\t<div class=\"col-inner box-shadow-3\"  >\n\t\t\t\n\t\t\t\n\n\t<div class=\"img has-hover x md-x lg-x y md-y lg-y\" id=\"image_1906940135\">\n\t\t<a class=\"image-lightbox lightbox-gallery\" title=\"\" href=\"https:\/\/eltamobilya.com\/wp-content\/uploads\/2024\/06\/elit-baza-gamze-baslik-1-1.png\">\t\t\t\t\t\t<div class=\"img-inner dark\" >\n\t\t\t<img loading=\"lazy\" decoding=\"async\" width=\"1020\" height=\"680\" src=\"https:\/\/eltamobilya.com\/wp-content\/uploads\/2024\/06\/elit-baza-gamze-baslik-1-1.png\" class=\"attachment-large size-large\" alt=\"\" srcset=\"https:\/\/eltamobilya.com\/wp-content\/uploads\/2024\/06\/elit-baza-gamze-baslik-1-1.png 1200w, https:\/\/eltamobilya.com\/wp-content\/uploads\/2024\/06\/elit-baza-gamze-baslik-1-1-600x400.png 600w, https:\/\/eltamobilya.com\/wp-content\/uploads\/2024\/06\/elit-baza-gamze-baslik-1-1-768x512.png 768w\" sizes=\"auto, (max-width: 1020px) 100vw, 1020px\" \/>\t\t\t\t\t\t\n\t\t\t\t\t<\/div>\n\t\t\t\t\t\t<\/a>\t\t\n<style>\n#image_1906940135 {\n  width: 100%;\n}\n<\/style>\n\t<\/div>\n\t\n\n\n\t\t<\/div>\n\t\t\t\t\t<\/div>\n\n\t\n\n\t<div id=\"col-521853131\" class=\"col medium-4 small-12 large-4\"  >\n\t\t\t\t<div class=\"col-inner box-shadow-3\"  >\n\t\t\t\n\t\t\t\n\n\t<div class=\"img has-hover x md-x lg-x y md-y lg-y\" id=\"image_1988315659\">\n\t\t<a class=\"image-lightbox lightbox-gallery\" title=\"\" href=\"https:\/\/eltamobilya.com\/wp-content\/uploads\/2024\/06\/elit-baza-gamze-baslik-2-1.png\">\t\t\t\t\t\t<div class=\"img-inner dark\" >\n\t\t\t<img loading=\"lazy\" decoding=\"async\" width=\"1020\" height=\"680\" src=\"https:\/\/eltamobilya.com\/wp-content\/uploads\/2024\/06\/elit-baza-gamze-baslik-2-1.png\" class=\"attachment-large size-large\" alt=\"\" srcset=\"https:\/\/eltamobilya.com\/wp-content\/uploads\/2024\/06\/elit-baza-gamze-baslik-2-1.png 1200w, https:\/\/eltamobilya.com\/wp-content\/uploads\/2024\/06\/elit-baza-gamze-baslik-2-1-600x400.png 600w, https:\/\/eltamobilya.com\/wp-content\/uploads\/2024\/06\/elit-baza-gamze-baslik-2-1-768x512.png 768w\" sizes=\"auto, (max-width: 1020px) 100vw, 1020px\" \/>\t\t\t\t\t\t\n\t\t\t\t\t<\/div>\n\t\t\t\t\t\t<\/a>\t\t\n<style>\n#image_1988315659 {\n  width: 100%;\n}\n<\/style>\n\t<\/div>\n\t\n\n\n\t\t<\/div>\n\t\t\t\t\t<\/div>\n\n\t\n\n\t<div id=\"col-558894800\" class=\"col medium-4 small-12 large-4\"  >\n\t\t\t\t<div class=\"col-inner box-shadow-3\"  >\n\t\t\t\n\t\t\t\n\n\t<div class=\"img has-hover x md-x lg-x y md-y lg-y\" id=\"image_572312095\">\n\t\t<a class=\"image-lightbox lightbox-gallery\" title=\"\" href=\"https:\/\/eltamobilya.com\/wp-content\/uploads\/2024\/06\/elit-baza-gamze-baslik-3-1.png\">\t\t\t\t\t\t<div class=\"img-inner dark\" >\n\t\t\t<img loading=\"lazy\" decoding=\"async\" width=\"1020\" height=\"680\" src=\"https:\/\/eltamobilya.com\/wp-content\/uploads\/2024\/06\/elit-baza-gamze-baslik-3-1.png\" class=\"attachment-large size-large\" alt=\"\" srcset=\"https:\/\/eltamobilya.com\/wp-content\/uploads\/2024\/06\/elit-baza-gamze-baslik-3-1.png 1200w, https:\/\/eltamobilya.com\/wp-content\/uploads\/2024\/06\/elit-baza-gamze-baslik-3-1-600x400.png 600w, https:\/\/eltamobilya.com\/wp-content\/uploads\/2024\/06\/elit-baza-gamze-baslik-3-1-768x512.png 768w\" sizes=\"auto, (max-width: 1020px) 100vw, 1020px\" \/>\t\t\t\t\t\t\n\t\t\t\t\t<\/div>\n\t\t\t\t\t\t<\/a>\t\t\n<style>\n#image_572312095 {\n  width: 100%;\n}\n<\/style>\n\t<\/div>\n\t\n\n\n\t\t<\/div>\n\t\t\t\t\t<\/div>\n\n\t\n\n<\/div>\n\t<div id=\"gap-1536475352\" class=\"gap-element clearfix\" style=\"display:block; height:auto;\">\n\t\t\n<style>\n#gap-1536475352 {\n  padding-top: 30px;\n}\n<\/style>\n\t<\/div>\n\t\n\n<div class=\"row row-small row-full-width align-center\"  id=\"row-301198668\">\n\n\n\t<div id=\"col-2030655504\" class=\"col small-12 large-12\"  >\n\t\t\t\t<div class=\"col-inner\"  >\n\t\t\t\n\t\t\t\n\n\t<div class=\"img has-hover animated flash delay3 duration6 x md-x lg-x y md-y lg-y\" id=\"image_1296276366\">\n\t\t\t\t\t\t\t\t<div class=\"img-inner box-shadow-3-hover dark\" >\n\t\t\t<img loading=\"lazy\" decoding=\"async\" width=\"646\" height=\"391\" src=\"https:\/\/eltamobilya.com\/wp-content\/uploads\/2024\/06\/17-elit-baza-gamze-baslik-1.png\" class=\"attachment-large size-large\" alt=\"\" \/>\t\t\t\t\t\t\n\t\t\t\t\t<\/div>\n\t\t\t\t\t\t\t\t\n<style>\n#image_1296276366 {\n  width: 65%;\n}\n<\/style>\n\t<\/div>\n\t\n\n\n\t\t<\/div>\n\t\t\t\t\n<style>\n#col-2030655504 > .col-inner {\n  padding: 0px 0px 0px 15px;\n}\n<\/style>\n\t<\/div>\n\n\t\n\n<\/div>\n\n\t\t<\/div>\n\t\t\t\t\t<\/div>\n\n\t\n\n<\/div>\n\n","protected":false},"excerpt":{"rendered":"","protected":false},"author":1,"featured_media":0,"parent":0,"menu_order":0,"comment_status":"closed","ping_status":"closed","template":"page-blank.php","meta":{"footnotes":""},"class_list":["post-1508","page","type-page","status-publish","hentry"],"yoast_head":"<!-- This site is optimized with the Yoast SEO plugin v27.5 - https:\/\/yoast.com\/product\/yoast-seo-wordpress\/ -->\n<title>ELI\u0307T BAZA GAMZE BASLIK - Elta Mobilya<\/title>\n<meta name=\"robots\" content=\"index, follow, max-snippet:-1, max-image-preview:large, max-video-preview:-1\" \/>\n<link rel=\"canonical\" href=\"https:\/\/eltamobilya.com\/index.php\/elit-baza-gamze-baslik-9\" \/>\n<meta property=\"og:locale\" content=\"tr_TR\" \/>\n<meta property=\"og:type\" content=\"article\" \/>\n<meta property=\"og:title\" content=\"ELI\u0307T BAZA GAMZE BASLIK - Elta Mobilya\" \/>\n<meta property=\"og:url\" content=\"https:\/\/eltamobilya.com\/index.php\/elit-baza-gamze-baslik-9\" \/>\n<meta property=\"og:site_name\" content=\"Elta Mobilya\" \/>\n<meta property=\"article:modified_time\" content=\"2024-06-05T12:19:51+00:00\" \/>\n<meta name=\"twitter:card\" content=\"summary_large_image\" \/>\n<script type=\"application\/ld+json\" class=\"yoast-schema-graph\">{\"@context\":\"https:\\\/\\\/schema.org\",\"@graph\":[{\"@type\":\"WebPage\",\"@id\":\"https:\\\/\\\/eltamobilya.com\\\/index.php\\\/elit-baza-gamze-baslik-9\",\"url\":\"https:\\\/\\\/eltamobilya.com\\\/index.php\\\/elit-baza-gamze-baslik-9\",\"name\":\"ELI\u0307T BAZA GAMZE BASLIK - Elta Mobilya\",\"isPartOf\":{\"@id\":\"https:\\\/\\\/eltamobilya.com\\\/#website\"},\"datePublished\":\"2024-06-04T13:37:26+00:00\",\"dateModified\":\"2024-06-05T12:19:51+00:00\",\"breadcrumb\":{\"@id\":\"https:\\\/\\\/eltamobilya.com\\\/index.php\\\/elit-baza-gamze-baslik-9#breadcrumb\"},\"inLanguage\":\"tr\",\"potentialAction\":[{\"@type\":\"ReadAction\",\"target\":[\"https:\\\/\\\/eltamobilya.com\\\/index.php\\\/elit-baza-gamze-baslik-9\"]}]},{\"@type\":\"BreadcrumbList\",\"@id\":\"https:\\\/\\\/eltamobilya.com\\\/index.php\\\/elit-baza-gamze-baslik-9#breadcrumb\",\"itemListElement\":[{\"@type\":\"ListItem\",\"position\":1,\"name\":\"Anasayfa\",\"item\":\"https:\\\/\\\/eltamobilya.com\\\/\"},{\"@type\":\"ListItem\",\"position\":2,\"name\":\"ELI\u0307T BAZA GAMZE BASLIK\"}]},{\"@type\":\"WebSite\",\"@id\":\"https:\\\/\\\/eltamobilya.com\\\/#website\",\"url\":\"https:\\\/\\\/eltamobilya.com\\\/\",\"name\":\"Elta Mobilya\",\"description\":\"\",\"potentialAction\":[{\"@type\":\"SearchAction\",\"target\":{\"@type\":\"EntryPoint\",\"urlTemplate\":\"https:\\\/\\\/eltamobilya.com\\\/?s={search_term_string}\"},\"query-input\":{\"@type\":\"PropertyValueSpecification\",\"valueRequired\":true,\"valueName\":\"search_term_string\"}}],\"inLanguage\":\"tr\"}]}<\/script>\n<!-- \/ Yoast SEO plugin. -->","yoast_head_json":{"title":"ELI\u0307T BAZA GAMZE BASLIK - Elta Mobilya","robots":{"index":"index","follow":"follow","max-snippet":"max-snippet:-1","max-image-preview":"max-image-preview:large","max-video-preview":"max-video-preview:-1"},"canonical":"https:\/\/eltamobilya.com\/index.php\/elit-baza-gamze-baslik-9","og_locale":"tr_TR","og_type":"article","og_title":"ELI\u0307T BAZA GAMZE BASLIK - Elta Mobilya","og_url":"https:\/\/eltamobilya.com\/index.php\/elit-baza-gamze-baslik-9","og_site_name":"Elta Mobilya","article_modified_time":"2024-06-05T12:19:51+00:00","twitter_card":"summary_large_image","schema":{"@context":"https:\/\/schema.org","@graph":[{"@type":"WebPage","@id":"https:\/\/eltamobilya.com\/index.php\/elit-baza-gamze-baslik-9","url":"https:\/\/eltamobilya.com\/index.php\/elit-baza-gamze-baslik-9","name":"ELI\u0307T BAZA GAMZE BASLIK - Elta Mobilya","isPartOf":{"@id":"https:\/\/eltamobilya.com\/#website"},"datePublished":"2024-06-04T13:37:26+00:00","dateModified":"2024-06-05T12:19:51+00:00","breadcrumb":{"@id":"https:\/\/eltamobilya.com\/index.php\/elit-baza-gamze-baslik-9#breadcrumb"},"inLanguage":"tr","potentialAction":[{"@type":"ReadAction","target":["https:\/\/eltamobilya.com\/index.php\/elit-baza-gamze-baslik-9"]}]},{"@type":"BreadcrumbList","@id":"https:\/\/eltamobilya.com\/index.php\/elit-baza-gamze-baslik-9#breadcrumb","itemListElement":[{"@type":"ListItem","position":1,"name":"Anasayfa","item":"https:\/\/eltamobilya.com\/"},{"@type":"ListItem","position":2,"name":"ELI\u0307T BAZA GAMZE BASLIK"}]},{"@type":"WebSite","@id":"https:\/\/eltamobilya.com\/#website","url":"https:\/\/eltamobilya.com\/","name":"Elta Mobilya","description":"","potentialAction":[{"@type":"SearchAction","target":{"@type":"EntryPoint","urlTemplate":"https:\/\/eltamobilya.com\/?s={search_term_string}"},"query-input":{"@type":"PropertyValueSpecification","valueRequired":true,"valueName":"search_term_string"}}],"inLanguage":"tr"}]}},"_links":{"self":[{"href":"https:\/\/eltamobilya.com\/index.php\/wp-json\/wp\/v2\/pages\/1508","targetHints":{"allow":["GET"]}}],"collection":[{"href":"https:\/\/eltamobilya.com\/index.php\/wp-json\/wp\/v2\/pages"}],"about":[{"href":"https:\/\/eltamobilya.com\/index.php\/wp-json\/wp\/v2\/types\/page"}],"author":[{"embeddable":true,"href":"https:\/\/eltamobilya.com\/index.php\/wp-json\/wp\/v2\/users\/1"}],"replies":[{"embeddable":true,"href":"https:\/\/eltamobilya.com\/index.php\/wp-json\/wp\/v2\/comments?post=1508"}],"version-history":[{"count":2,"href":"https:\/\/eltamobilya.com\/index.php\/wp-json\/wp\/v2\/pages\/1508\/revisions"}],"predecessor-version":[{"id":1655,"href":"https:\/\/eltamobilya.com\/index.php\/wp-json\/wp\/v2\/pages\/1508\/revisions\/1655"}],"wp:attachment":[{"href":"https:\/\/eltamobilya.com\/index.php\/wp-json\/wp\/v2\/media?parent=1508"}],"curies":[{"name":"wp","href":"https:\/\/api.w.org\/{rel}","templated":true}]}}