{"id":158,"date":"2021-10-05T07:58:17","date_gmt":"2021-10-05T07:58:17","guid":{"rendered":"https:\/\/eltamobilya.com\/?page_id=158"},"modified":"2024-05-14T11:59:14","modified_gmt":"2024-05-14T11:59:14","slug":"biz-kimiz","status":"publish","type":"page","link":"https:\/\/eltamobilya.com\/index.php\/biz-kimiz","title":{"rendered":"Biz Kimiz"},"content":{"rendered":"\n<div class=\"row row-full-width\"  id=\"row-1643315381\">\n\n\n\t<div id=\"col-1060732969\" class=\"col small-12 large-12\"  >\n\t\t\t\t<div class=\"col-inner\"  >\n\t\t\t\n\t\t\t\n\n\t<div class=\"img has-hover x md-x lg-x y md-y lg-y\" id=\"image_1688876433\">\n\t\t\t\t\t\t\t\t<div class=\"img-inner dark\" >\n\t\t\t<img loading=\"lazy\" decoding=\"async\" width=\"1020\" height=\"441\" src=\"https:\/\/eltamobilya.com\/wp-content\/uploads\/2021\/10\/ASDFASFSDFDSF-1400x605-1.jpg\" class=\"attachment-large size-large\" alt=\"\" srcset=\"https:\/\/eltamobilya.com\/wp-content\/uploads\/2021\/10\/ASDFASFSDFDSF-1400x605-1.jpg 1400w, https:\/\/eltamobilya.com\/wp-content\/uploads\/2021\/10\/ASDFASFSDFDSF-1400x605-1-800x346.jpg 800w, https:\/\/eltamobilya.com\/wp-content\/uploads\/2021\/10\/ASDFASFSDFDSF-1400x605-1-768x332.jpg 768w\" sizes=\"auto, (max-width: 1020px) 100vw, 1020px\" \/>\t\t\t\t\t\t\n\t\t\t\t\t<\/div>\n\t\t\t\t\t\t\t\t\n<style>\n#image_1688876433 {\n  width: 100%;\n}\n<\/style>\n\t<\/div>\n\t\n\n\n\t\t<\/div>\n\t\t\t\t\t<\/div>\n\n\t\n\n<\/div>\n<div class=\"row row-full-width\"  id=\"row-929124838\">\n\n\n\t<div id=\"col-2085169710\" class=\"col medium-5 small-12 large-5\"  >\n\t\t\t\t<div class=\"col-inner\"  >\n\t\t\t\n\t\t\t\n\n\t<div class=\"img has-hover x md-x lg-x y md-y lg-y\" id=\"image_1833130336\">\n\t\t\t\t\t\t\t\t<div class=\"img-inner dark\" >\n\t\t\t<img loading=\"lazy\" decoding=\"async\" width=\"605\" height=\"535\" src=\"https:\/\/eltamobilya.com\/wp-content\/uploads\/2021\/10\/2323.jpg\" class=\"attachment-large size-large\" alt=\"\" srcset=\"https:\/\/eltamobilya.com\/wp-content\/uploads\/2021\/10\/2323.jpg 605w, https:\/\/eltamobilya.com\/wp-content\/uploads\/2021\/10\/2323-452x400.jpg 452w\" sizes=\"auto, (max-width: 605px) 100vw, 605px\" \/>\t\t\t\t\t\t\n\t\t\t\t\t<\/div>\n\t\t\t\t\t\t\t\t\n<style>\n#image_1833130336 {\n  width: 100%;\n}\n<\/style>\n\t<\/div>\n\t\n\n\n\t\t<\/div>\n\t\t\t\t\t<\/div>\n\n\t\n\n\t<div id=\"col-372349269\" class=\"col medium-7 small-12 large-7\"  >\n\t\t\t\t<div class=\"col-inner\"  >\n\t\t\t\n\t\t\t\n\n\t<div class=\"img has-hover animated flash delay3 duration6 x md-x lg-x y md-y lg-y\" id=\"image_1838768004\">\n\t\t\t\t\t\t\t\t<div class=\"img-inner dark\" >\n\t\t\t<img loading=\"lazy\" decoding=\"async\" width=\"800\" height=\"200\" src=\"https:\/\/eltamobilya.com\/wp-content\/uploads\/2021\/10\/sf12.jpg\" class=\"attachment-large size-large\" alt=\"\" srcset=\"https:\/\/eltamobilya.com\/wp-content\/uploads\/2021\/10\/sf12.jpg 800w, https:\/\/eltamobilya.com\/wp-content\/uploads\/2021\/10\/sf12-768x192.jpg 768w\" sizes=\"auto, (max-width: 800px) 100vw, 800px\" \/>\t\t\t\t\t\t\n\t\t\t\t\t<\/div>\n\t\t\t\t\t\t\t\t\n<style>\n#image_1838768004 {\n  width: 100%;\n}\n<\/style>\n\t<\/div>\n\t\n\n<p><span style=\"font-family: arial, helvetica, sans-serif; font-size: 120%;\">36 y\u0131ll\u0131k k\u00f6kl\u00fc bir ge\u00e7mi\u015fe sahip olan Elta Yatak, y\u00fcksek hizmet kalitesi, geli\u015fen teknoloji ve y\u00fckselen standartlar\u0131yla kaliteli \u00fcretimler yapmaktad\u0131r. Yayl\u0131 yatak sistemleri ve visco yataklar, setler, sand\u0131kl\u0131 bazalar, ba\u015fl\u0131k, puf, karyola somyas\u0131 ve yatak odas\u0131 aksesuarlar\u0131 \u00fcretiminde son teknolojiyi kullanmaktad\u0131r. Ortopedik yat\u0131\u015f sa\u011flamak amac\u0131yla yataklar\u0131nda \u00f6zellikle pocket yay ve yo\u011frulmu\u015f yaya yer vermektedir.<\/span><\/p>\n<p><span style=\"font-family: arial, helvetica, sans-serif; font-size: 120%;\">M\u00fc\u015fteri isteklerini ve memnuniyetini \u00f6n planda tutarken, sat\u0131\u015f \u00f6ncesi ve sonras\u0131nda verdi\u011fi hizmetler nedeniyle istenilen ve tercih edilen bir marka haline gelmi\u015ftir. Bazalarda g\u00fcvenlik konusuna \u00f6zen g\u00f6steren Elta Yatak, ya\u015fan\u0131labilecek kazalar\u0131 \u00f6nlemek i\u00e7in geli\u015ftirilen \u201cfaydal\u0131 model belgesi\u201d almaya hak kazanan tescillenmi\u015f \u201cElta Kilit Sistemi\u201cni kullanarak, m\u00fc\u015fterilerinin g\u00fcvenini kazanm\u0131\u015ft\u0131r. Kaliteli bir uyku her g\u00fcne zinde ba\u015flamak demektir. \u0130\u015fte bu y\u00fczden tercihiniz olaca\u011f\u0131z&#8230;<\/span><\/p>\n<p><span style=\"color: #ffffff;\"><a style=\"color: #ffffff;\" href=\"tel:05301775500\">05301775500<\/a><\/span><\/p>\n\n\t\t<\/div>\n\t\t\t\t\t<\/div>\n\n\t\n\n<\/div>\n\n","protected":false},"excerpt":{"rendered":"","protected":false},"author":1,"featured_media":0,"parent":0,"menu_order":0,"comment_status":"closed","ping_status":"closed","template":"page-blank.php","meta":{"footnotes":""},"class_list":["post-158","page","type-page","status-publish","hentry"],"yoast_head":"<!-- This site is optimized with the Yoast SEO plugin v27.5 - https:\/\/yoast.com\/product\/yoast-seo-wordpress\/ -->\n<title>Biz Kimiz - Elta Mobilya<\/title>\n<meta name=\"robots\" content=\"index, follow, max-snippet:-1, max-image-preview:large, max-video-preview:-1\" \/>\n<link rel=\"canonical\" href=\"https:\/\/eltamobilya.com\/index.php\/biz-kimiz\" \/>\n<meta property=\"og:locale\" content=\"tr_TR\" \/>\n<meta property=\"og:type\" content=\"article\" \/>\n<meta property=\"og:title\" content=\"Biz Kimiz - Elta Mobilya\" \/>\n<meta property=\"og:url\" content=\"https:\/\/eltamobilya.com\/index.php\/biz-kimiz\" \/>\n<meta property=\"og:site_name\" content=\"Elta Mobilya\" \/>\n<meta property=\"article:modified_time\" content=\"2024-05-14T11:59:14+00:00\" \/>\n<meta name=\"twitter:card\" content=\"summary_large_image\" \/>\n<meta name=\"twitter:label1\" content=\"Tahmini okuma s\u00fcresi\" \/>\n\t<meta name=\"twitter:data1\" content=\"1 dakika\" \/>\n<script type=\"application\/ld+json\" class=\"yoast-schema-graph\">{\"@context\":\"https:\\\/\\\/schema.org\",\"@graph\":[{\"@type\":\"WebPage\",\"@id\":\"https:\\\/\\\/eltamobilya.com\\\/index.php\\\/biz-kimiz\",\"url\":\"https:\\\/\\\/eltamobilya.com\\\/index.php\\\/biz-kimiz\",\"name\":\"Biz Kimiz - Elta Mobilya\",\"isPartOf\":{\"@id\":\"https:\\\/\\\/eltamobilya.com\\\/#website\"},\"datePublished\":\"2021-10-05T07:58:17+00:00\",\"dateModified\":\"2024-05-14T11:59:14+00:00\",\"breadcrumb\":{\"@id\":\"https:\\\/\\\/eltamobilya.com\\\/index.php\\\/biz-kimiz#breadcrumb\"},\"inLanguage\":\"tr\",\"potentialAction\":[{\"@type\":\"ReadAction\",\"target\":[\"https:\\\/\\\/eltamobilya.com\\\/index.php\\\/biz-kimiz\"]}]},{\"@type\":\"BreadcrumbList\",\"@id\":\"https:\\\/\\\/eltamobilya.com\\\/index.php\\\/biz-kimiz#breadcrumb\",\"itemListElement\":[{\"@type\":\"ListItem\",\"position\":1,\"name\":\"Anasayfa\",\"item\":\"https:\\\/\\\/eltamobilya.com\\\/\"},{\"@type\":\"ListItem\",\"position\":2,\"name\":\"Biz Kimiz\"}]},{\"@type\":\"WebSite\",\"@id\":\"https:\\\/\\\/eltamobilya.com\\\/#website\",\"url\":\"https:\\\/\\\/eltamobilya.com\\\/\",\"name\":\"Elta Mobilya\",\"description\":\"\",\"potentialAction\":[{\"@type\":\"SearchAction\",\"target\":{\"@type\":\"EntryPoint\",\"urlTemplate\":\"https:\\\/\\\/eltamobilya.com\\\/?s={search_term_string}\"},\"query-input\":{\"@type\":\"PropertyValueSpecification\",\"valueRequired\":true,\"valueName\":\"search_term_string\"}}],\"inLanguage\":\"tr\"}]}<\/script>\n<!-- \/ Yoast SEO plugin. -->","yoast_head_json":{"title":"Biz Kimiz - Elta Mobilya","robots":{"index":"index","follow":"follow","max-snippet":"max-snippet:-1","max-image-preview":"max-image-preview:large","max-video-preview":"max-video-preview:-1"},"canonical":"https:\/\/eltamobilya.com\/index.php\/biz-kimiz","og_locale":"tr_TR","og_type":"article","og_title":"Biz Kimiz - Elta Mobilya","og_url":"https:\/\/eltamobilya.com\/index.php\/biz-kimiz","og_site_name":"Elta Mobilya","article_modified_time":"2024-05-14T11:59:14+00:00","twitter_card":"summary_large_image","twitter_misc":{"Tahmini okuma s\u00fcresi":"1 dakika"},"schema":{"@context":"https:\/\/schema.org","@graph":[{"@type":"WebPage","@id":"https:\/\/eltamobilya.com\/index.php\/biz-kimiz","url":"https:\/\/eltamobilya.com\/index.php\/biz-kimiz","name":"Biz Kimiz - Elta Mobilya","isPartOf":{"@id":"https:\/\/eltamobilya.com\/#website"},"datePublished":"2021-10-05T07:58:17+00:00","dateModified":"2024-05-14T11:59:14+00:00","breadcrumb":{"@id":"https:\/\/eltamobilya.com\/index.php\/biz-kimiz#breadcrumb"},"inLanguage":"tr","potentialAction":[{"@type":"ReadAction","target":["https:\/\/eltamobilya.com\/index.php\/biz-kimiz"]}]},{"@type":"BreadcrumbList","@id":"https:\/\/eltamobilya.com\/index.php\/biz-kimiz#breadcrumb","itemListElement":[{"@type":"ListItem","position":1,"name":"Anasayfa","item":"https:\/\/eltamobilya.com\/"},{"@type":"ListItem","position":2,"name":"Biz Kimiz"}]},{"@type":"WebSite","@id":"https:\/\/eltamobilya.com\/#website","url":"https:\/\/eltamobilya.com\/","name":"Elta Mobilya","description":"","potentialAction":[{"@type":"SearchAction","target":{"@type":"EntryPoint","urlTemplate":"https:\/\/eltamobilya.com\/?s={search_term_string}"},"query-input":{"@type":"PropertyValueSpecification","valueRequired":true,"valueName":"search_term_string"}}],"inLanguage":"tr"}]}},"_links":{"self":[{"href":"https:\/\/eltamobilya.com\/index.php\/wp-json\/wp\/v2\/pages\/158","targetHints":{"allow":["GET"]}}],"collection":[{"href":"https:\/\/eltamobilya.com\/index.php\/wp-json\/wp\/v2\/pages"}],"about":[{"href":"https:\/\/eltamobilya.com\/index.php\/wp-json\/wp\/v2\/types\/page"}],"author":[{"embeddable":true,"href":"https:\/\/eltamobilya.com\/index.php\/wp-json\/wp\/v2\/users\/1"}],"replies":[{"embeddable":true,"href":"https:\/\/eltamobilya.com\/index.php\/wp-json\/wp\/v2\/comments?post=158"}],"version-history":[{"count":6,"href":"https:\/\/eltamobilya.com\/index.php\/wp-json\/wp\/v2\/pages\/158\/revisions"}],"predecessor-version":[{"id":1199,"href":"https:\/\/eltamobilya.com\/index.php\/wp-json\/wp\/v2\/pages\/158\/revisions\/1199"}],"wp:attachment":[{"href":"https:\/\/eltamobilya.com\/index.php\/wp-json\/wp\/v2\/media?parent=158"}],"curies":[{"name":"wp","href":"https:\/\/api.w.org\/{rel}","templated":true}]}}