{"id":363,"date":"2021-10-05T12:21:36","date_gmt":"2021-10-05T12:21:36","guid":{"rendered":"https:\/\/eltamobilya.com\/?page_id=363"},"modified":"2021-10-07T08:08:33","modified_gmt":"2021-10-07T08:08:33","slug":"elit-baza-gamze-baslik-2","status":"publish","type":"page","link":"https:\/\/eltamobilya.com\/index.php\/elit-baza-gamze-baslik-2","title":{"rendered":"Elit Baza Gamze Ba\u015fl\u0131k"},"content":{"rendered":"\n<div class=\"row row-small row-full-width\"  id=\"row-115625452\">\n\n\n\t<div id=\"col-1666220898\" class=\"col medium-2 small-6 large-2\"  >\n\t\t\t\t<div class=\"col-inner\"  >\n\t\t\t\n\t\t\t\n\n\t<div class=\"img has-hover x md-x lg-x y md-y lg-y\" id=\"image_1374822716\">\n\t\t<a class=\"\" href=\"https:\/\/eltamobilya.com\/index.php\/cift-kisilik-bazalar\"  >\t\t\t\t\t\t<div class=\"img-inner image-zoom box-shadow-3 dark\" >\n\t\t\t<img loading=\"lazy\" decoding=\"async\" width=\"240\" height=\"90\" src=\"https:\/\/eltamobilya.com\/wp-content\/uploads\/2021\/10\/i1.jpg\" class=\"attachment-large size-large\" alt=\"\" \/>\t\t\t\t\t\t\n\t\t\t\t\t<\/div>\n\t\t\t\t\t\t<\/a>\t\t\n<style>\n#image_1374822716 {\n  width: 100%;\n}\n<\/style>\n\t<\/div>\n\t\n\n\n\t\t<\/div>\n\t\t\t\t\t<\/div>\n\n\t\n\n\t<div id=\"col-19193487\" class=\"col medium-2 small-6 large-2\"  >\n\t\t\t\t<div class=\"col-inner\"  >\n\t\t\t\n\t\t\t\n\n\t<div class=\"img has-hover x md-x lg-x y md-y lg-y\" id=\"image_382943678\">\n\t\t<a class=\"\" href=\"https:\/\/eltamobilya.com\/index.php\/tek-kisilik-bazalar\"  >\t\t\t\t\t\t<div class=\"img-inner image-zoom box-shadow-3 dark\" >\n\t\t\t<img loading=\"lazy\" decoding=\"async\" width=\"240\" height=\"90\" src=\"https:\/\/eltamobilya.com\/wp-content\/uploads\/2021\/10\/i2.jpg\" class=\"attachment-large size-large\" alt=\"\" \/>\t\t\t\t\t\t\n\t\t\t\t\t<\/div>\n\t\t\t\t\t\t<\/a>\t\t\n<style>\n#image_382943678 {\n  width: 100%;\n}\n<\/style>\n\t<\/div>\n\t\n\n\n\t\t<\/div>\n\t\t\t\t\t<\/div>\n\n\t\n\n\t<div id=\"col-1382040077\" class=\"col medium-2 small-6 large-2\"  >\n\t\t\t\t<div class=\"col-inner\"  >\n\t\t\t\n\t\t\t\n\n\t<div class=\"img has-hover x md-x lg-x y md-y lg-y\" id=\"image_1481036367\">\n\t\t<a class=\"\" href=\"https:\/\/eltamobilya.com\/index.php\/yataklar\"  >\t\t\t\t\t\t<div class=\"img-inner image-zoom box-shadow-3 dark\" >\n\t\t\t<img loading=\"lazy\" decoding=\"async\" width=\"240\" height=\"90\" src=\"https:\/\/eltamobilya.com\/wp-content\/uploads\/2021\/10\/i3.jpg\" class=\"attachment-large size-large\" alt=\"\" \/>\t\t\t\t\t\t\n\t\t\t\t\t<\/div>\n\t\t\t\t\t\t<\/a>\t\t\n<style>\n#image_1481036367 {\n  width: 100%;\n}\n<\/style>\n\t<\/div>\n\t\n\n\n\t\t<\/div>\n\t\t\t\t\t<\/div>\n\n\t\n\n\t<div id=\"col-1574122221\" class=\"col medium-2 small-6 large-2\"  >\n\t\t\t\t<div class=\"col-inner\"  >\n\t\t\t\n\t\t\t\n\n\t<div class=\"img has-hover x md-x lg-x y md-y lg-y\" id=\"image_1667091201\">\n\t\t<a class=\"\" href=\"https:\/\/eltamobilya.com\/index.php\/karyolalar-lata\"  >\t\t\t\t\t\t<div class=\"img-inner image-zoom box-shadow-3 dark\" >\n\t\t\t<img loading=\"lazy\" decoding=\"async\" width=\"240\" height=\"90\" src=\"https:\/\/eltamobilya.com\/wp-content\/uploads\/2021\/10\/K.png\" class=\"attachment-large size-large\" alt=\"\" \/>\t\t\t\t\t\t\n\t\t\t\t\t<\/div>\n\t\t\t\t\t\t<\/a>\t\t\n<style>\n#image_1667091201 {\n  width: 100%;\n}\n<\/style>\n\t<\/div>\n\t\n\n\n\t\t<\/div>\n\t\t\t\t\t<\/div>\n\n\t\n\n\t<div id=\"col-1033189721\" class=\"col medium-2 small-6 large-2\"  >\n\t\t\t\t<div class=\"col-inner\"  >\n\t\t\t\n\t\t\t\n\n\t<div class=\"img has-hover x md-x lg-x y md-y lg-y\" id=\"image_2143535535\">\n\t\t<a class=\"\" href=\"https:\/\/eltamobilya.com\/index.php\/puflar\"  >\t\t\t\t\t\t<div class=\"img-inner image-zoom box-shadow-3 dark\" >\n\t\t\t<img loading=\"lazy\" decoding=\"async\" width=\"240\" height=\"90\" src=\"https:\/\/eltamobilya.com\/wp-content\/uploads\/2021\/10\/i5.jpg\" class=\"attachment-large size-large\" alt=\"\" \/>\t\t\t\t\t\t\n\t\t\t\t\t<\/div>\n\t\t\t\t\t\t<\/a>\t\t\n<style>\n#image_2143535535 {\n  width: 100%;\n}\n<\/style>\n\t<\/div>\n\t\n\n\n\t\t<\/div>\n\t\t\t\t\t<\/div>\n\n\t\n\n\t<div id=\"col-1225678218\" class=\"col medium-2 small-6 large-2\"  >\n\t\t\t\t<div class=\"col-inner\"  >\n\t\t\t\n\t\t\t\n\n\t<div class=\"img has-hover x md-x lg-x y md-y lg-y\" id=\"image_832772090\">\n\t\t<a class=\"\" href=\"https:\/\/eltamobilya.com\/index.php\/ayak-modelleri\"  >\t\t\t\t\t\t<div class=\"img-inner image-zoom box-shadow-3 dark\" >\n\t\t\t<img loading=\"lazy\" decoding=\"async\" width=\"240\" height=\"90\" src=\"https:\/\/eltamobilya.com\/wp-content\/uploads\/2021\/10\/ayak-modelleri-1.png\" class=\"attachment-large size-large\" alt=\"\" \/>\t\t\t\t\t\t\n\t\t\t\t\t<\/div>\n\t\t\t\t\t\t<\/a>\t\t\n<style>\n#image_832772090 {\n  width: 100%;\n}\n<\/style>\n\t<\/div>\n\t\n\n\n\t\t<\/div>\n\t\t\t\t\t<\/div>\n\n\t\n\n\n<style>\n#row-115625452 > .col > .col-inner {\n  padding: 15px 0px 0px 0px;\n}\n<\/style>\n<\/div>\n<div class=\"container section-title-container\" style=\"margin-top:15px;margin-bottom:20px;max-width:1580px;\"><h4 class=\"section-title section-title-center\"><b><\/b><span class=\"section-title-main\" >\u00c7\u0130FT K\u0130\u015e\u0130L\u0130K BAZALAR<\/span><b><\/b><\/h4><\/div>\n\n<div class=\"row row-full-width\"  id=\"row-980978263\">\n\n\n\t<div id=\"col-1087009146\" class=\"col medium-6 small-6 large-6\"  >\n\t\t\t\t<div class=\"col-inner text-center box-shadow-4 dark\"  >\n\t\t\t\n\t\t\t\n\n\t<div class=\"img has-hover x md-x lg-x y md-y lg-y\" id=\"image_578655176\">\n\t\t\t\t\t\t\t\t<div class=\"img-inner dark\" >\n\t\t\t<img loading=\"lazy\" decoding=\"async\" width=\"1020\" height=\"680\" src=\"https:\/\/eltamobilya.com\/wp-content\/uploads\/2021\/10\/elit-baza-gamze-baslik-1.jpg\" class=\"attachment-large size-large\" alt=\"\" srcset=\"https:\/\/eltamobilya.com\/wp-content\/uploads\/2021\/10\/elit-baza-gamze-baslik-1.jpg 1200w, https:\/\/eltamobilya.com\/wp-content\/uploads\/2021\/10\/elit-baza-gamze-baslik-1-600x400.jpg 600w, https:\/\/eltamobilya.com\/wp-content\/uploads\/2021\/10\/elit-baza-gamze-baslik-1-768x512.jpg 768w\" sizes=\"auto, (max-width: 1020px) 100vw, 1020px\" \/>\t\t\t\t\t\t\n\t\t\t\t\t<\/div>\n\t\t\t\t\t\t\t\t\n<style>\n#image_578655176 {\n  width: 100%;\n}\n<\/style>\n\t<\/div>\n\t\n\n\n\t\t<\/div>\n\t\t\t\t\t<\/div>\n\n\t\n\n\t<div id=\"col-661110402\" class=\"col medium-6 small-12 large-6\"  >\n\t\t\t\t<div class=\"col-inner text-center\"  >\n\t\t\t\n\t\t\t\n\n<div class=\"row row-small row-full-width align-center\"  id=\"row-799215548\">\n\n\n\t<div id=\"col-373745371\" class=\"col medium-4 small-12 large-4\"  >\n\t\t\t\t<div class=\"col-inner box-shadow-3\"  >\n\t\t\t\n\t\t\t\n\n\t<div class=\"img has-hover x md-x lg-x y md-y lg-y\" id=\"image_1173291888\">\n\t\t<a class=\"image-lightbox lightbox-gallery\" title=\"\" href=\"https:\/\/eltamobilya.com\/wp-content\/uploads\/2021\/10\/elit-baza-gamze-baslik-1.jpg\">\t\t\t\t\t\t<div class=\"img-inner dark\" >\n\t\t\t<img loading=\"lazy\" decoding=\"async\" width=\"1020\" height=\"680\" src=\"https:\/\/eltamobilya.com\/wp-content\/uploads\/2021\/10\/elit-baza-gamze-baslik-1.jpg\" class=\"attachment-large size-large\" alt=\"\" srcset=\"https:\/\/eltamobilya.com\/wp-content\/uploads\/2021\/10\/elit-baza-gamze-baslik-1.jpg 1200w, https:\/\/eltamobilya.com\/wp-content\/uploads\/2021\/10\/elit-baza-gamze-baslik-1-600x400.jpg 600w, https:\/\/eltamobilya.com\/wp-content\/uploads\/2021\/10\/elit-baza-gamze-baslik-1-768x512.jpg 768w\" sizes=\"auto, (max-width: 1020px) 100vw, 1020px\" \/>\t\t\t\t\t\t\n\t\t\t\t\t<\/div>\n\t\t\t\t\t\t<\/a>\t\t\n<style>\n#image_1173291888 {\n  width: 100%;\n}\n<\/style>\n\t<\/div>\n\t\n\n\n\t\t<\/div>\n\t\t\t\t\t<\/div>\n\n\t\n\n\t<div id=\"col-1591734890\" class=\"col medium-4 small-12 large-4\"  >\n\t\t\t\t<div class=\"col-inner box-shadow-3\"  >\n\t\t\t\n\t\t\t\n\n\t<div class=\"img has-hover x md-x lg-x y md-y lg-y\" id=\"image_1827650687\">\n\t\t<a class=\"image-lightbox lightbox-gallery\" title=\"\" href=\"https:\/\/eltamobilya.com\/wp-content\/uploads\/2021\/10\/elit-baza-gamze-baslik-3.jpg\">\t\t\t\t\t\t<div class=\"img-inner dark\" >\n\t\t\t<img loading=\"lazy\" decoding=\"async\" width=\"1020\" height=\"680\" src=\"https:\/\/eltamobilya.com\/wp-content\/uploads\/2021\/10\/elit-baza-gamze-baslik-3.jpg\" class=\"attachment-large size-large\" alt=\"\" srcset=\"https:\/\/eltamobilya.com\/wp-content\/uploads\/2021\/10\/elit-baza-gamze-baslik-3.jpg 1200w, https:\/\/eltamobilya.com\/wp-content\/uploads\/2021\/10\/elit-baza-gamze-baslik-3-600x400.jpg 600w, https:\/\/eltamobilya.com\/wp-content\/uploads\/2021\/10\/elit-baza-gamze-baslik-3-768x512.jpg 768w\" sizes=\"auto, (max-width: 1020px) 100vw, 1020px\" \/>\t\t\t\t\t\t\n\t\t\t\t\t<\/div>\n\t\t\t\t\t\t<\/a>\t\t\n<style>\n#image_1827650687 {\n  width: 100%;\n}\n<\/style>\n\t<\/div>\n\t\n\n\n\t\t<\/div>\n\t\t\t\t\t<\/div>\n\n\t\n\n\t<div id=\"col-362499497\" class=\"col medium-4 small-12 large-4\"  >\n\t\t\t\t<div class=\"col-inner box-shadow-3\"  >\n\t\t\t\n\t\t\t\n\n\t<div class=\"img has-hover x md-x lg-x y md-y lg-y\" id=\"image_942905820\">\n\t\t<a class=\"image-lightbox lightbox-gallery\" title=\"\" href=\"https:\/\/eltamobilya.com\/wp-content\/uploads\/2021\/10\/elit-baza-gamze-baslik-2.jpg\">\t\t\t\t\t\t<div class=\"img-inner dark\" >\n\t\t\t<img loading=\"lazy\" decoding=\"async\" width=\"1020\" height=\"680\" src=\"https:\/\/eltamobilya.com\/wp-content\/uploads\/2021\/10\/elit-baza-gamze-baslik-2.jpg\" class=\"attachment-large size-large\" alt=\"\" srcset=\"https:\/\/eltamobilya.com\/wp-content\/uploads\/2021\/10\/elit-baza-gamze-baslik-2.jpg 1200w, https:\/\/eltamobilya.com\/wp-content\/uploads\/2021\/10\/elit-baza-gamze-baslik-2-600x400.jpg 600w, https:\/\/eltamobilya.com\/wp-content\/uploads\/2021\/10\/elit-baza-gamze-baslik-2-768x512.jpg 768w\" sizes=\"auto, (max-width: 1020px) 100vw, 1020px\" \/>\t\t\t\t\t\t\n\t\t\t\t\t<\/div>\n\t\t\t\t\t\t<\/a>\t\t\n<style>\n#image_942905820 {\n  width: 100%;\n}\n<\/style>\n\t<\/div>\n\t\n\n\n\t\t<\/div>\n\t\t\t\t\t<\/div>\n\n\t\n\n<\/div>\n\t<div id=\"gap-588190114\" class=\"gap-element clearfix\" style=\"display:block; height:auto;\">\n\t\t\n<style>\n#gap-588190114 {\n  padding-top: 30px;\n}\n<\/style>\n\t<\/div>\n\t\n\n<div class=\"row row-small row-full-width align-center\"  id=\"row-2130121007\">\n\n\n\t<div id=\"col-1940521872\" class=\"col small-12 large-12\"  >\n\t\t\t\t<div class=\"col-inner\"  >\n\t\t\t\n\t\t\t\n\n\t<div class=\"img has-hover animated flash delay3 duration6 x md-x lg-x y md-y lg-y\" id=\"image_2027146093\">\n\t\t\t\t\t\t\t\t<div class=\"img-inner box-shadow-3-hover dark\" >\n\t\t\t<img loading=\"lazy\" decoding=\"async\" width=\"613\" height=\"345\" src=\"https:\/\/eltamobilya.com\/wp-content\/uploads\/2021\/10\/elit-baza-gamze-baslik-1.png\" class=\"attachment-large size-large\" alt=\"\" \/>\t\t\t\t\t\t\n\t\t\t\t\t<\/div>\n\t\t\t\t\t\t\t\t\n<style>\n#image_2027146093 {\n  width: 65%;\n}\n<\/style>\n\t<\/div>\n\t\n\n\n\t\t<\/div>\n\t\t\t\t\n<style>\n#col-1940521872 > .col-inner {\n  padding: 0px 0px 0px 15px;\n}\n<\/style>\n\t<\/div>\n\n\t\n\n<\/div>\n\n\t\t<\/div>\n\t\t\t\t\t<\/div>\n\n\t\n\n<\/div>\n\n","protected":false},"excerpt":{"rendered":"","protected":false},"author":1,"featured_media":0,"parent":0,"menu_order":0,"comment_status":"closed","ping_status":"closed","template":"page-blank.php","meta":{"footnotes":""},"class_list":["post-363","page","type-page","status-publish","hentry"],"yoast_head":"<!-- This site is optimized with the Yoast SEO plugin v27.3 - https:\/\/yoast.com\/product\/yoast-seo-wordpress\/ -->\n<title>Elit Baza Gamze Ba\u015fl\u0131k - Elta Mobilya<\/title>\n<meta name=\"robots\" content=\"index, follow, max-snippet:-1, max-image-preview:large, max-video-preview:-1\" \/>\n<link rel=\"canonical\" href=\"https:\/\/eltamobilya.com\/index.php\/elit-baza-gamze-baslik-2\" \/>\n<meta property=\"og:locale\" content=\"tr_TR\" \/>\n<meta property=\"og:type\" content=\"article\" \/>\n<meta property=\"og:title\" content=\"Elit Baza Gamze Ba\u015fl\u0131k - Elta Mobilya\" \/>\n<meta property=\"og:url\" content=\"https:\/\/eltamobilya.com\/index.php\/elit-baza-gamze-baslik-2\" \/>\n<meta property=\"og:site_name\" content=\"Elta Mobilya\" \/>\n<meta property=\"article:modified_time\" content=\"2021-10-07T08:08:33+00:00\" \/>\n<meta name=\"twitter:card\" content=\"summary_large_image\" \/>\n<meta name=\"twitter:label1\" content=\"Tahmini okuma s\u00fcresi\" \/>\n\t<meta name=\"twitter:data1\" content=\"1 dakika\" \/>\n<script type=\"application\/ld+json\" class=\"yoast-schema-graph\">{\"@context\":\"https:\\\/\\\/schema.org\",\"@graph\":[{\"@type\":\"WebPage\",\"@id\":\"https:\\\/\\\/eltamobilya.com\\\/index.php\\\/elit-baza-gamze-baslik-2\",\"url\":\"https:\\\/\\\/eltamobilya.com\\\/index.php\\\/elit-baza-gamze-baslik-2\",\"name\":\"Elit Baza Gamze Ba\u015fl\u0131k - Elta Mobilya\",\"isPartOf\":{\"@id\":\"https:\\\/\\\/eltamobilya.com\\\/#website\"},\"datePublished\":\"2021-10-05T12:21:36+00:00\",\"dateModified\":\"2021-10-07T08:08:33+00:00\",\"breadcrumb\":{\"@id\":\"https:\\\/\\\/eltamobilya.com\\\/index.php\\\/elit-baza-gamze-baslik-2#breadcrumb\"},\"inLanguage\":\"tr\",\"potentialAction\":[{\"@type\":\"ReadAction\",\"target\":[\"https:\\\/\\\/eltamobilya.com\\\/index.php\\\/elit-baza-gamze-baslik-2\"]}]},{\"@type\":\"BreadcrumbList\",\"@id\":\"https:\\\/\\\/eltamobilya.com\\\/index.php\\\/elit-baza-gamze-baslik-2#breadcrumb\",\"itemListElement\":[{\"@type\":\"ListItem\",\"position\":1,\"name\":\"Anasayfa\",\"item\":\"https:\\\/\\\/eltamobilya.com\\\/\"},{\"@type\":\"ListItem\",\"position\":2,\"name\":\"Elit Baza Gamze Ba\u015fl\u0131k\"}]},{\"@type\":\"WebSite\",\"@id\":\"https:\\\/\\\/eltamobilya.com\\\/#website\",\"url\":\"https:\\\/\\\/eltamobilya.com\\\/\",\"name\":\"Elta Mobilya\",\"description\":\"\",\"potentialAction\":[{\"@type\":\"SearchAction\",\"target\":{\"@type\":\"EntryPoint\",\"urlTemplate\":\"https:\\\/\\\/eltamobilya.com\\\/?s={search_term_string}\"},\"query-input\":{\"@type\":\"PropertyValueSpecification\",\"valueRequired\":true,\"valueName\":\"search_term_string\"}}],\"inLanguage\":\"tr\"}]}<\/script>\n<!-- \/ Yoast SEO plugin. -->","yoast_head_json":{"title":"Elit Baza Gamze Ba\u015fl\u0131k - Elta Mobilya","robots":{"index":"index","follow":"follow","max-snippet":"max-snippet:-1","max-image-preview":"max-image-preview:large","max-video-preview":"max-video-preview:-1"},"canonical":"https:\/\/eltamobilya.com\/index.php\/elit-baza-gamze-baslik-2","og_locale":"tr_TR","og_type":"article","og_title":"Elit Baza Gamze Ba\u015fl\u0131k - Elta Mobilya","og_url":"https:\/\/eltamobilya.com\/index.php\/elit-baza-gamze-baslik-2","og_site_name":"Elta Mobilya","article_modified_time":"2021-10-07T08:08:33+00:00","twitter_card":"summary_large_image","twitter_misc":{"Tahmini okuma s\u00fcresi":"1 dakika"},"schema":{"@context":"https:\/\/schema.org","@graph":[{"@type":"WebPage","@id":"https:\/\/eltamobilya.com\/index.php\/elit-baza-gamze-baslik-2","url":"https:\/\/eltamobilya.com\/index.php\/elit-baza-gamze-baslik-2","name":"Elit Baza Gamze Ba\u015fl\u0131k - Elta Mobilya","isPartOf":{"@id":"https:\/\/eltamobilya.com\/#website"},"datePublished":"2021-10-05T12:21:36+00:00","dateModified":"2021-10-07T08:08:33+00:00","breadcrumb":{"@id":"https:\/\/eltamobilya.com\/index.php\/elit-baza-gamze-baslik-2#breadcrumb"},"inLanguage":"tr","potentialAction":[{"@type":"ReadAction","target":["https:\/\/eltamobilya.com\/index.php\/elit-baza-gamze-baslik-2"]}]},{"@type":"BreadcrumbList","@id":"https:\/\/eltamobilya.com\/index.php\/elit-baza-gamze-baslik-2#breadcrumb","itemListElement":[{"@type":"ListItem","position":1,"name":"Anasayfa","item":"https:\/\/eltamobilya.com\/"},{"@type":"ListItem","position":2,"name":"Elit Baza Gamze Ba\u015fl\u0131k"}]},{"@type":"WebSite","@id":"https:\/\/eltamobilya.com\/#website","url":"https:\/\/eltamobilya.com\/","name":"Elta Mobilya","description":"","potentialAction":[{"@type":"SearchAction","target":{"@type":"EntryPoint","urlTemplate":"https:\/\/eltamobilya.com\/?s={search_term_string}"},"query-input":{"@type":"PropertyValueSpecification","valueRequired":true,"valueName":"search_term_string"}}],"inLanguage":"tr"}]}},"_links":{"self":[{"href":"https:\/\/eltamobilya.com\/index.php\/wp-json\/wp\/v2\/pages\/363","targetHints":{"allow":["GET"]}}],"collection":[{"href":"https:\/\/eltamobilya.com\/index.php\/wp-json\/wp\/v2\/pages"}],"about":[{"href":"https:\/\/eltamobilya.com\/index.php\/wp-json\/wp\/v2\/types\/page"}],"author":[{"embeddable":true,"href":"https:\/\/eltamobilya.com\/index.php\/wp-json\/wp\/v2\/users\/1"}],"replies":[{"embeddable":true,"href":"https:\/\/eltamobilya.com\/index.php\/wp-json\/wp\/v2\/comments?post=363"}],"version-history":[{"count":4,"href":"https:\/\/eltamobilya.com\/index.php\/wp-json\/wp\/v2\/pages\/363\/revisions"}],"predecessor-version":[{"id":1005,"href":"https:\/\/eltamobilya.com\/index.php\/wp-json\/wp\/v2\/pages\/363\/revisions\/1005"}],"wp:attachment":[{"href":"https:\/\/eltamobilya.com\/index.php\/wp-json\/wp\/v2\/media?parent=363"}],"curies":[{"name":"wp","href":"https:\/\/api.w.org\/{rel}","templated":true}]}}